{"id":100,"date":"2020-03-21T15:22:32","date_gmt":"2020-03-21T14:22:32","guid":{"rendered":"http:\/\/l-etoile-de-mer.com\/?page_id=21"},"modified":"2020-05-22T15:55:25","modified_gmt":"2020-05-22T13:55:25","slug":"pagina-de-inicio","status":"publish","type":"page","link":"https:\/\/l-etoile-de-mer.com\/index.php\/es\/pagina-de-inicio\/","title":{"rendered":"Casa"},"content":{"rendered":"\n<p class=\"has-text-align-center\">Una tienda de regalos, recuerdos y art\u00edculos de playa que han existido desde 1958 en el Tranche-sur-Mer, la tienda ha sido un asunto familiar durante 3 generaciones!! Al principio de las vacaciones, disfrutar de todo el equipo de playa, desde sombrillas a protector solar a juegos de playa. Encontrar\u00e1s todo lo que necesitas para pasar unas buenas vacaciones en Tranche-sur-Mer. Piense tambi\u00e9n en sus regalos y recuerdos, ya sean personales o para sus seres queridos, le ofreceremos una amplia gama de decoraciones, ropa marina, productos regionales&#8230; con el fin de satisfacer a los j\u00f3venes y mayores!!<\/p>\n\n\n\n<p class=\"has-text-align-center\">Todo el equipo de L&rsquo;\u00c9toile de Mer estar\u00e1 encantado de darle la bienvenida y aconsejarle en su pr\u00f3xima visita a la tienda.<\/p>\n\n\n\n<figure class=\"wp-block-gallery columns-2 is-cropped\"><ul class=\"blocks-gallery-grid\"><li class=\"blocks-gallery-item\"><figure><img loading=\"lazy\" width=\"388\" height=\"280\" src=\"http:\/\/l-etoile-de-mer.com\/wp-content\/uploads\/2020\/03\/magasin-avant.jpg\" alt=\"\" data-id=\"75\" data-link=\"http:\/\/l-etoile-de-mer.com\/index.php\/accueil\/magasin-avant\/\" class=\"wp-image-75\" srcset=\"https:\/\/l-etoile-de-mer.com\/wp-content\/uploads\/2020\/03\/magasin-avant.jpg 388w, https:\/\/l-etoile-de-mer.com\/wp-content\/uploads\/2020\/03\/magasin-avant-300x216.jpg 300w\" sizes=\"(max-width: 388px) 100vw, 388px\" \/><\/figure><\/li><li class=\"blocks-gallery-item\"><figure><img loading=\"lazy\" width=\"373\" height=\"280\" src=\"http:\/\/l-etoile-de-mer.com\/wp-content\/uploads\/2020\/03\/magasin-maintenant-.jpg\" alt=\"\" data-id=\"76\" data-link=\"http:\/\/l-etoile-de-mer.com\/index.php\/accueil\/magasin-maintenant\/\" class=\"wp-image-76\" srcset=\"https:\/\/l-etoile-de-mer.com\/wp-content\/uploads\/2020\/03\/magasin-maintenant-.jpg 373w, https:\/\/l-etoile-de-mer.com\/wp-content\/uploads\/2020\/03\/magasin-maintenant--300x225.jpg 300w\" sizes=\"(max-width: 373px) 100vw, 373px\" \/><\/figure><\/li><li class=\"blocks-gallery-item\"><figure><img loading=\"lazy\" width=\"1024\" height=\"768\" src=\"http:\/\/l-etoile-de-mer.com\/wp-content\/uploads\/2020\/04\/1a6cbe51-e893-4aa8-a2f1-a8855b868012-1024x768.jpg\" alt=\"\" data-id=\"674\" data-link=\"http:\/\/l-etoile-de-mer.com\/index.php\/accueil\/1a6cbe51-e893-4aa8-a2f1-a8855b868012\/\" class=\"wp-image-674\" srcset=\"https:\/\/l-etoile-de-mer.com\/wp-content\/uploads\/2020\/04\/1a6cbe51-e893-4aa8-a2f1-a8855b868012-1024x768.jpg 1024w, https:\/\/l-etoile-de-mer.com\/wp-content\/uploads\/2020\/04\/1a6cbe51-e893-4aa8-a2f1-a8855b868012-300x225.jpg 300w, https:\/\/l-etoile-de-mer.com\/wp-content\/uploads\/2020\/04\/1a6cbe51-e893-4aa8-a2f1-a8855b868012-768x576.jpg 768w, https:\/\/l-etoile-de-mer.com\/wp-content\/uploads\/2020\/04\/1a6cbe51-e893-4aa8-a2f1-a8855b868012-1140x855.jpg 1140w, https:\/\/l-etoile-de-mer.com\/wp-content\/uploads\/2020\/04\/1a6cbe51-e893-4aa8-a2f1-a8855b868012.jpg 1600w\" sizes=\"(max-width: 1024px) 100vw, 1024px\" \/><\/figure><\/li><li class=\"blocks-gallery-item\"><figure><img loading=\"lazy\" width=\"1024\" height=\"768\" src=\"http:\/\/l-etoile-de-mer.com\/wp-content\/uploads\/2020\/04\/8393338d-28f7-43b2-80e5-139f6e61948f-1024x768.jpg\" alt=\"\" data-id=\"675\" data-link=\"http:\/\/l-etoile-de-mer.com\/index.php\/accueil\/8393338d-28f7-43b2-80e5-139f6e61948f\/\" class=\"wp-image-675\" srcset=\"https:\/\/l-etoile-de-mer.com\/wp-content\/uploads\/2020\/04\/8393338d-28f7-43b2-80e5-139f6e61948f-1024x768.jpg 1024w, https:\/\/l-etoile-de-mer.com\/wp-content\/uploads\/2020\/04\/8393338d-28f7-43b2-80e5-139f6e61948f-300x225.jpg 300w, https:\/\/l-etoile-de-mer.com\/wp-content\/uploads\/2020\/04\/8393338d-28f7-43b2-80e5-139f6e61948f-768x576.jpg 768w, https:\/\/l-etoile-de-mer.com\/wp-content\/uploads\/2020\/04\/8393338d-28f7-43b2-80e5-139f6e61948f-1140x855.jpg 1140w, https:\/\/l-etoile-de-mer.com\/wp-content\/uploads\/2020\/04\/8393338d-28f7-43b2-80e5-139f6e61948f.jpg 1600w\" sizes=\"(max-width: 1024px) 100vw, 1024px\" \/><\/figure><\/li><li class=\"blocks-gallery-item\"><figure><img loading=\"lazy\" width=\"1024\" height=\"768\" src=\"http:\/\/l-etoile-de-mer.com\/wp-content\/uploads\/2020\/04\/ec3b9910-d379-4a39-a775-60495bed5f77-1024x768.jpg\" alt=\"\" data-id=\"676\" data-link=\"http:\/\/l-etoile-de-mer.com\/index.php\/accueil\/ec3b9910-d379-4a39-a775-60495bed5f77\/\" class=\"wp-image-676\" srcset=\"https:\/\/l-etoile-de-mer.com\/wp-content\/uploads\/2020\/04\/ec3b9910-d379-4a39-a775-60495bed5f77-1024x768.jpg 1024w, https:\/\/l-etoile-de-mer.com\/wp-content\/uploads\/2020\/04\/ec3b9910-d379-4a39-a775-60495bed5f77-300x225.jpg 300w, https:\/\/l-etoile-de-mer.com\/wp-content\/uploads\/2020\/04\/ec3b9910-d379-4a39-a775-60495bed5f77-768x576.jpg 768w, https:\/\/l-etoile-de-mer.com\/wp-content\/uploads\/2020\/04\/ec3b9910-d379-4a39-a775-60495bed5f77-1140x855.jpg 1140w, https:\/\/l-etoile-de-mer.com\/wp-content\/uploads\/2020\/04\/ec3b9910-d379-4a39-a775-60495bed5f77.jpg 1600w\" sizes=\"(max-width: 1024px) 100vw, 1024px\" \/><\/figure><\/li><\/ul><\/figure>\n","protected":false},"excerpt":{"rendered":"<p>Una tienda de regalos, recuerdos y art\u00edculos de playa que han existido desde 1958 en el Tranche-sur-Mer, la tienda ha sido un asunto familiar durante 3 generaciones!! Al principio de las vacaciones, disfrutar de todo el equipo de playa, desde sombrillas a protector solar a juegos de playa. Encontrar\u00e1s todo lo que necesitas para pasar unas buenas vacaciones en Tranche-sur-Mer. Piense tambi\u00e9n en sus regalos y recuerdos, ya sean personales o para sus seres queridos, le ofreceremos una amplia gama de decoraciones, ropa marina, productos regionales&#8230; con el fin de satisfacer a los j\u00f3venes y mayores!! Todo el equipo de L&rsquo;\u00c9toile de Mer estar\u00e1 encantado de darle la bienvenida y aconsejarle en su pr\u00f3xima visita a la tienda.<\/p>\n","protected":false},"author":1,"featured_media":0,"parent":0,"menu_order":0,"comment_status":"closed","ping_status":"closed","template":"","meta":[],"yoast_head":"<!-- This site is optimized with the Yoast SEO plugin v14.5 - https:\/\/yoast.com\/wordpress\/plugins\/seo\/ -->\n<title>L&#039;\u00c9toile de Mer --- Su tienda de recuerdos --- Casa<\/title>\n<meta name=\"description\" content=\"Una tienda de regalos y recuerdos que han existido desde 1958 en el Tranche-sur-Mer, la tienda ha sido un asunto familiar durante 3 generaciones!\" \/>\n<meta name=\"robots\" content=\"index, follow\" \/>\n<meta name=\"googlebot\" content=\"index, follow, max-snippet:-1, max-image-preview:large, max-video-preview:-1\" \/>\n<meta name=\"bingbot\" content=\"index, follow, max-snippet:-1, max-image-preview:large, max-video-preview:-1\" \/>\n<link rel=\"canonical\" href=\"http:\/\/l-etoile-de-mer.com\/index.php\/es\/pagina-de-inicio\/\" \/>\n<meta property=\"og:locale\" content=\"fr_FR\" \/>\n<meta property=\"og:type\" content=\"article\" \/>\n<meta property=\"og:title\" content=\"L&#039;\u00c9toile de Mer --- Su tienda de recuerdos --- Casa\" \/>\n<meta property=\"og:description\" content=\"Una tienda de regalos y recuerdos que han existido desde 1958 en el Tranche-sur-Mer, la tienda ha sido un asunto familiar durante 3 generaciones!\" \/>\n<meta property=\"og:url\" content=\"http:\/\/l-etoile-de-mer.com\/index.php\/es\/pagina-de-inicio\/\" \/>\n<meta property=\"article:publisher\" content=\"https:\/\/www.facebook.com\/Etoile-de-mer-1381346558799296\/?__tn__=%2cd%2cP-R&amp;amp%3bamp%3bamp%3bamp%3bamp%3bamp%3bamp%3bamp%3beid=ARDtMrGifVDxNerB2hiHZovBaikL-1lkSjlAYHgm14Uv45olgHYMRTpy7NFqDOXv_YfIi0kxa3KDiyzx\" \/>\n<meta property=\"article:modified_time\" content=\"2020-05-22T13:55:25+00:00\" \/>\n<meta property=\"og:image\" content=\"http:\/\/l-etoile-de-mer.com\/wp-content\/uploads\/2020\/03\/magasin-avant.jpg\" \/>\n<meta name=\"twitter:card\" content=\"summary_large_image\" \/>\n<script type=\"application\/ld+json\" class=\"yoast-schema-graph\">{\"@context\":\"https:\/\/schema.org\",\"@graph\":[{\"@type\":\"Organization\",\"@id\":\"https:\/\/l-etoile-de-mer.com\/#organization\",\"name\":\"L'\\u00c9toile de Mer\",\"url\":\"https:\/\/l-etoile-de-mer.com\/\",\"sameAs\":[\"https:\/\/www.facebook.com\/Etoile-de-mer-1381346558799296\/?__tn__=,d,P-R&amp;amp;amp;amp;amp;amp;amp;amp;eid=ARDtMrGifVDxNerB2hiHZovBaikL-1lkSjlAYHgm14Uv45olgHYMRTpy7NFqDOXv_YfIi0kxa3KDiyzx\",\"https:\/\/www.instagram.com\/etoiledemer85360\/?hl=fr\"],\"logo\":{\"@type\":\"ImageObject\",\"@id\":\"https:\/\/l-etoile-de-mer.com\/#logo\",\"inLanguage\":\"fr-FR\",\"url\":\"https:\/\/l-etoile-de-mer.com\/wp-content\/uploads\/2020\/03\/etoile-sans-fond.png\",\"width\":800,\"height\":800,\"caption\":\"L'\\u00c9toile de Mer\"},\"image\":{\"@id\":\"https:\/\/l-etoile-de-mer.com\/#logo\"}},{\"@type\":\"WebSite\",\"@id\":\"https:\/\/l-etoile-de-mer.com\/#website\",\"url\":\"https:\/\/l-etoile-de-mer.com\/\",\"name\":\"\",\"description\":\"\",\"publisher\":{\"@id\":\"https:\/\/l-etoile-de-mer.com\/#organization\"},\"potentialAction\":[{\"@type\":\"SearchAction\",\"target\":\"https:\/\/l-etoile-de-mer.com\/?s={search_term_string}\",\"query-input\":\"required name=search_term_string\"}],\"inLanguage\":\"fr-FR\"},{\"@type\":\"ImageObject\",\"@id\":\"http:\/\/l-etoile-de-mer.com\/index.php\/es\/pagina-de-inicio\/#primaryimage\",\"inLanguage\":\"fr-FR\",\"url\":\"http:\/\/l-etoile-de-mer.com\/wp-content\/uploads\/2020\/03\/magasin-avant.jpg\"},{\"@type\":\"WebPage\",\"@id\":\"http:\/\/l-etoile-de-mer.com\/index.php\/es\/pagina-de-inicio\/#webpage\",\"url\":\"http:\/\/l-etoile-de-mer.com\/index.php\/es\/pagina-de-inicio\/\",\"name\":\"L'\\u00c9toile de Mer --- Su tienda de recuerdos --- Casa\",\"isPartOf\":{\"@id\":\"https:\/\/l-etoile-de-mer.com\/#website\"},\"primaryImageOfPage\":{\"@id\":\"http:\/\/l-etoile-de-mer.com\/index.php\/es\/pagina-de-inicio\/#primaryimage\"},\"datePublished\":\"2020-03-21T14:22:32+00:00\",\"dateModified\":\"2020-05-22T13:55:25+00:00\",\"description\":\"Una tienda de regalos y recuerdos que han existido desde 1958 en el Tranche-sur-Mer, la tienda ha sido un asunto familiar durante 3 generaciones!\",\"inLanguage\":\"fr-FR\",\"potentialAction\":[{\"@type\":\"ReadAction\",\"target\":[\"http:\/\/l-etoile-de-mer.com\/index.php\/es\/pagina-de-inicio\/\"]}]}]}<\/script>\n<!-- \/ Yoast SEO plugin. -->","_links":{"self":[{"href":"https:\/\/l-etoile-de-mer.com\/index.php\/wp-json\/wp\/v2\/pages\/100"}],"collection":[{"href":"https:\/\/l-etoile-de-mer.com\/index.php\/wp-json\/wp\/v2\/pages"}],"about":[{"href":"https:\/\/l-etoile-de-mer.com\/index.php\/wp-json\/wp\/v2\/types\/page"}],"author":[{"embeddable":true,"href":"https:\/\/l-etoile-de-mer.com\/index.php\/wp-json\/wp\/v2\/users\/1"}],"replies":[{"embeddable":true,"href":"https:\/\/l-etoile-de-mer.com\/index.php\/wp-json\/wp\/v2\/comments?post=100"}],"version-history":[{"count":3,"href":"https:\/\/l-etoile-de-mer.com\/index.php\/wp-json\/wp\/v2\/pages\/100\/revisions"}],"predecessor-version":[{"id":925,"href":"https:\/\/l-etoile-de-mer.com\/index.php\/wp-json\/wp\/v2\/pages\/100\/revisions\/925"}],"wp:attachment":[{"href":"https:\/\/l-etoile-de-mer.com\/index.php\/wp-json\/wp\/v2\/media?parent=100"}],"curies":[{"name":"wp","href":"https:\/\/api.w.org\/{rel}","templated":true}]}}