{"id":118,"date":"2020-03-22T12:28:35","date_gmt":"2020-03-22T11:28:35","guid":{"rendered":"http:\/\/l-etoile-de-mer.com\/?page_id=118"},"modified":"2021-06-23T14:48:39","modified_gmt":"2021-06-23T12:48:39","slug":"articles-de-plage","status":"publish","type":"page","link":"https:\/\/l-etoile-de-mer.com\/index.php\/articles-de-plage\/","title":{"rendered":"Articles de plage"},"content":{"rendered":"\n<div class=\"wp-block-group\"><div class=\"wp-block-group__inner-container\">\n<div class=\"wp-block-group\"><div class=\"wp-block-group__inner-container\">\n<div class=\"wp-block-media-text alignwide is-stacked-on-mobile\"><figure class=\"wp-block-media-text__media\"><a href=\"http:\/\/l-etoile-de-mer.com\/index.php\/jeux\/\"><img loading=\"lazy\" width=\"183\" height=\"300\" src=\"http:\/\/l-etoile-de-mer.com\/wp-content\/uploads\/2020\/03\/90511627_2834553203331406_7493124490063249408_n-183x300.jpg\" alt=\"\" class=\"wp-image-492\" srcset=\"https:\/\/l-etoile-de-mer.com\/wp-content\/uploads\/2020\/03\/90511627_2834553203331406_7493124490063249408_n-183x300.jpg 183w, https:\/\/l-etoile-de-mer.com\/wp-content\/uploads\/2020\/03\/90511627_2834553203331406_7493124490063249408_n-768x1260.jpg 768w, https:\/\/l-etoile-de-mer.com\/wp-content\/uploads\/2020\/03\/90511627_2834553203331406_7493124490063249408_n-624x1024.jpg 624w, https:\/\/l-etoile-de-mer.com\/wp-content\/uploads\/2020\/03\/90511627_2834553203331406_7493124490063249408_n.jpg 828w\" sizes=\"(max-width: 183px) 100vw, 183px\" \/><\/a><\/figure><div class=\"wp-block-media-text__content\">\n<p class=\"has-large-font-size\">Jeux<\/p>\n<\/div><\/div>\n<\/div><\/div>\n<\/div><\/div>\n\n\n\n<div class=\"wp-block-media-text alignwide has-media-on-the-right is-stacked-on-mobile\"><figure class=\"wp-block-media-text__media\"><a href=\"http:\/\/l-etoile-de-mer.com\/index.php\/couteaux\/\"><img loading=\"lazy\" width=\"225\" height=\"300\" src=\"http:\/\/l-etoile-de-mer.com\/wp-content\/uploads\/2020\/03\/90498823_226512535167460_4008852479004377088_n-225x300.jpg\" alt=\"\" class=\"wp-image-481\" srcset=\"https:\/\/l-etoile-de-mer.com\/wp-content\/uploads\/2020\/03\/90498823_226512535167460_4008852479004377088_n-225x300.jpg 225w, https:\/\/l-etoile-de-mer.com\/wp-content\/uploads\/2020\/03\/90498823_226512535167460_4008852479004377088_n-768x1024.jpg 768w, https:\/\/l-etoile-de-mer.com\/wp-content\/uploads\/2020\/03\/90498823_226512535167460_4008852479004377088_n.jpg 828w\" sizes=\"(max-width: 225px) 100vw, 225px\" \/><\/a><\/figure><div class=\"wp-block-media-text__content\">\n<p class=\"has-large-font-size\">Couteaux<\/p>\n<\/div><\/div>\n\n\n\n<div class=\"wp-block-media-text alignwide has-media-on-the-right is-stacked-on-mobile\"><figure class=\"wp-block-media-text__media\"><a href=\"http:\/\/l-etoile-de-mer.com\/index.php\/accessoires-de-plage\/\"><img loading=\"lazy\" width=\"240\" height=\"300\" src=\"http:\/\/l-etoile-de-mer.com\/wp-content\/uploads\/2020\/03\/90672744_139506104165476_3042663791511732224_n-240x300.jpg\" alt=\"\" class=\"wp-image-466\" srcset=\"https:\/\/l-etoile-de-mer.com\/wp-content\/uploads\/2020\/03\/90672744_139506104165476_3042663791511732224_n-240x300.jpg 240w, https:\/\/l-etoile-de-mer.com\/wp-content\/uploads\/2020\/03\/90672744_139506104165476_3042663791511732224_n-768x958.jpg 768w, https:\/\/l-etoile-de-mer.com\/wp-content\/uploads\/2020\/03\/90672744_139506104165476_3042663791511732224_n-821x1024.jpg 821w, https:\/\/l-etoile-de-mer.com\/wp-content\/uploads\/2020\/03\/90672744_139506104165476_3042663791511732224_n.jpg 827w\" sizes=\"(max-width: 240px) 100vw, 240px\" \/><\/a><\/figure><div class=\"wp-block-media-text__content\">\n<p class=\"has-large-font-size\">Accessoires de plage<\/p>\n<\/div><\/div>\n\n\n\n<div class=\"wp-block-media-text alignwide is-stacked-on-mobile\"><figure class=\"wp-block-media-text__media\"><a href=\"http:\/\/l-etoile-de-mer.com\/index.php\/tongs-espadrilles\/\"><img loading=\"lazy\" width=\"225\" height=\"300\" src=\"http:\/\/l-etoile-de-mer.com\/wp-content\/uploads\/2020\/03\/90575704_560230204588028_5662054565978046464_n-225x300.jpg\" alt=\"\" class=\"wp-image-506\" srcset=\"https:\/\/l-etoile-de-mer.com\/wp-content\/uploads\/2020\/03\/90575704_560230204588028_5662054565978046464_n-225x300.jpg 225w, https:\/\/l-etoile-de-mer.com\/wp-content\/uploads\/2020\/03\/90575704_560230204588028_5662054565978046464_n-768x1024.jpg 768w, https:\/\/l-etoile-de-mer.com\/wp-content\/uploads\/2020\/03\/90575704_560230204588028_5662054565978046464_n.jpg 828w\" sizes=\"(max-width: 225px) 100vw, 225px\" \/><\/a><\/figure><div class=\"wp-block-media-text__content\">\n<p class=\"has-large-font-size\">Tongs &amp; Espadrilles<\/p>\n<\/div><\/div>\n\n\n\n<div class=\"wp-block-media-text alignwide has-media-on-the-right is-stacked-on-mobile\"><figure class=\"wp-block-media-text__media\"><a href=\"http:\/\/l-etoile-de-mer.com\/index.php\/protections-solaires\/\"><img loading=\"lazy\" width=\"125\" height=\"300\" src=\"http:\/\/l-etoile-de-mer.com\/wp-content\/uploads\/2020\/03\/90562088_529474031093512_1509532759452811264_n-125x300.jpg\" alt=\"\" class=\"wp-image-502\" srcset=\"https:\/\/l-etoile-de-mer.com\/wp-content\/uploads\/2020\/03\/90562088_529474031093512_1509532759452811264_n-125x300.jpg 125w, https:\/\/l-etoile-de-mer.com\/wp-content\/uploads\/2020\/03\/90562088_529474031093512_1509532759452811264_n-426x1024.jpg 426w, https:\/\/l-etoile-de-mer.com\/wp-content\/uploads\/2020\/03\/90562088_529474031093512_1509532759452811264_n.jpg 665w\" sizes=\"(max-width: 125px) 100vw, 125px\" \/><\/a><\/figure><div class=\"wp-block-media-text__content\">\n<p class=\"has-large-font-size\">Protections solaires<\/p>\n<\/div><\/div>\n\n\n\n<div class=\"wp-block-media-text alignwide is-stacked-on-mobile\"><figure class=\"wp-block-media-text__media\"><a href=\"http:\/\/l-etoile-de-mer.com\/index.php\/gonflables\/\"><img loading=\"lazy\" width=\"225\" height=\"300\" src=\"http:\/\/l-etoile-de-mer.com\/wp-content\/uploads\/2020\/03\/90677536_229379604795647_623374409494691840_n-225x300.jpg\" alt=\"\" class=\"wp-image-490\" srcset=\"https:\/\/l-etoile-de-mer.com\/wp-content\/uploads\/2020\/03\/90677536_229379604795647_623374409494691840_n-225x300.jpg 225w, https:\/\/l-etoile-de-mer.com\/wp-content\/uploads\/2020\/03\/90677536_229379604795647_623374409494691840_n-768x1024.jpg 768w, https:\/\/l-etoile-de-mer.com\/wp-content\/uploads\/2020\/03\/90677536_229379604795647_623374409494691840_n.jpg 828w\" sizes=\"(max-width: 225px) 100vw, 225px\" \/><\/a><\/figure><div class=\"wp-block-media-text__content\">\n<p class=\"has-large-font-size\">Gonflables<\/p>\n<\/div><\/div>\n\n\n\n<div class=\"wp-block-media-text alignwide has-media-on-the-right is-stacked-on-mobile\"><figure class=\"wp-block-media-text__media\"><a href=\"http:\/\/l-etoile-de-mer.com\/index.php\/foutas\/\"><img loading=\"lazy\" width=\"225\" height=\"300\" src=\"http:\/\/l-etoile-de-mer.com\/wp-content\/uploads\/2020\/03\/90558513_1685316894954745_8994250125912047616_n-225x300.jpg\" alt=\"\" class=\"wp-image-488\" srcset=\"https:\/\/l-etoile-de-mer.com\/wp-content\/uploads\/2020\/03\/90558513_1685316894954745_8994250125912047616_n-225x300.jpg 225w, https:\/\/l-etoile-de-mer.com\/wp-content\/uploads\/2020\/03\/90558513_1685316894954745_8994250125912047616_n-768x1024.jpg 768w, https:\/\/l-etoile-de-mer.com\/wp-content\/uploads\/2020\/03\/90558513_1685316894954745_8994250125912047616_n.jpg 828w\" sizes=\"(max-width: 225px) 100vw, 225px\" \/><\/a><\/figure><div class=\"wp-block-media-text__content\">\n<p class=\"has-large-font-size\">Foutas<\/p>\n<\/div><\/div>\n\n\n\n<p><\/p>\n","protected":false},"excerpt":{"rendered":"<p>Couteaux Accessoires de plage Tongs &amp; Espadrilles Protections solaires Gonflables Foutas<\/p>\n","protected":false},"author":1,"featured_media":0,"parent":0,"menu_order":0,"comment_status":"closed","ping_status":"closed","template":"","meta":[],"yoast_head":"<!-- This site is optimized with the Yoast SEO plugin v14.5 - https:\/\/yoast.com\/wordpress\/plugins\/seo\/ -->\n<title>L&#039;\u00c9toile de Mer - Votre magasin de souvenirs \u00e0 la Tranche-sur-Mer - Plage<\/title>\n<meta name=\"description\" content=\"Retrouvez nos articles de plage en magasin \u00e0 La Tranche-sur-Mer et sur notre site L&#039;\u00c9toile de Mer! Des jeux aux foutas, en passant articles de p\u00eache!\" \/>\n<meta name=\"robots\" content=\"index, follow\" \/>\n<meta name=\"googlebot\" content=\"index, follow, max-snippet:-1, max-image-preview:large, max-video-preview:-1\" \/>\n<meta name=\"bingbot\" content=\"index, follow, max-snippet:-1, max-image-preview:large, max-video-preview:-1\" \/>\n<link rel=\"canonical\" href=\"http:\/\/l-etoile-de-mer.com\/index.php\/articles-de-plage\/\" \/>\n<meta property=\"og:locale\" content=\"fr_FR\" \/>\n<meta property=\"og:type\" content=\"article\" \/>\n<meta property=\"og:title\" content=\"L&#039;\u00c9toile de Mer - Votre magasin de souvenirs \u00e0 la Tranche-sur-Mer - Plage\" \/>\n<meta property=\"og:description\" content=\"Retrouvez nos articles de plage en magasin \u00e0 La Tranche-sur-Mer et sur notre site L&#039;\u00c9toile de Mer! Des jeux aux foutas, en passant articles de p\u00eache!\" \/>\n<meta property=\"og:url\" content=\"http:\/\/l-etoile-de-mer.com\/index.php\/articles-de-plage\/\" \/>\n<meta property=\"article:publisher\" content=\"https:\/\/www.facebook.com\/Etoile-de-mer-1381346558799296\/?__tn__=%2cd%2cP-R&amp;amp%3bamp%3bamp%3bamp%3bamp%3bamp%3bamp%3bamp%3beid=ARDtMrGifVDxNerB2hiHZovBaikL-1lkSjlAYHgm14Uv45olgHYMRTpy7NFqDOXv_YfIi0kxa3KDiyzx\" \/>\n<meta property=\"article:modified_time\" content=\"2021-06-23T12:48:39+00:00\" \/>\n<meta property=\"og:image\" content=\"http:\/\/l-etoile-de-mer.com\/wp-content\/uploads\/2020\/03\/90511627_2834553203331406_7493124490063249408_n-183x300.jpg\" \/>\n<meta name=\"twitter:card\" content=\"summary_large_image\" \/>\n<script type=\"application\/ld+json\" class=\"yoast-schema-graph\">{\"@context\":\"https:\/\/schema.org\",\"@graph\":[{\"@type\":\"Organization\",\"@id\":\"https:\/\/l-etoile-de-mer.com\/#organization\",\"name\":\"L'\\u00c9toile de Mer\",\"url\":\"https:\/\/l-etoile-de-mer.com\/\",\"sameAs\":[\"https:\/\/www.facebook.com\/Etoile-de-mer-1381346558799296\/?__tn__=,d,P-R&amp;amp;amp;amp;amp;amp;amp;amp;eid=ARDtMrGifVDxNerB2hiHZovBaikL-1lkSjlAYHgm14Uv45olgHYMRTpy7NFqDOXv_YfIi0kxa3KDiyzx\",\"https:\/\/www.instagram.com\/etoiledemer85360\/?hl=fr\"],\"logo\":{\"@type\":\"ImageObject\",\"@id\":\"https:\/\/l-etoile-de-mer.com\/#logo\",\"inLanguage\":\"fr-FR\",\"url\":\"https:\/\/l-etoile-de-mer.com\/wp-content\/uploads\/2020\/03\/etoile-sans-fond.png\",\"width\":800,\"height\":800,\"caption\":\"L'\\u00c9toile de Mer\"},\"image\":{\"@id\":\"https:\/\/l-etoile-de-mer.com\/#logo\"}},{\"@type\":\"WebSite\",\"@id\":\"https:\/\/l-etoile-de-mer.com\/#website\",\"url\":\"https:\/\/l-etoile-de-mer.com\/\",\"name\":\"\",\"description\":\"\",\"publisher\":{\"@id\":\"https:\/\/l-etoile-de-mer.com\/#organization\"},\"potentialAction\":[{\"@type\":\"SearchAction\",\"target\":\"https:\/\/l-etoile-de-mer.com\/?s={search_term_string}\",\"query-input\":\"required name=search_term_string\"}],\"inLanguage\":\"fr-FR\"},{\"@type\":\"ImageObject\",\"@id\":\"http:\/\/l-etoile-de-mer.com\/index.php\/articles-de-plage\/#primaryimage\",\"inLanguage\":\"fr-FR\",\"url\":\"http:\/\/l-etoile-de-mer.com\/wp-content\/uploads\/2020\/03\/90511627_2834553203331406_7493124490063249408_n-183x300.jpg\"},{\"@type\":\"WebPage\",\"@id\":\"http:\/\/l-etoile-de-mer.com\/index.php\/articles-de-plage\/#webpage\",\"url\":\"http:\/\/l-etoile-de-mer.com\/index.php\/articles-de-plage\/\",\"name\":\"L'\\u00c9toile de Mer - Votre magasin de souvenirs \\u00e0 la Tranche-sur-Mer - Plage\",\"isPartOf\":{\"@id\":\"https:\/\/l-etoile-de-mer.com\/#website\"},\"primaryImageOfPage\":{\"@id\":\"http:\/\/l-etoile-de-mer.com\/index.php\/articles-de-plage\/#primaryimage\"},\"datePublished\":\"2020-03-22T11:28:35+00:00\",\"dateModified\":\"2021-06-23T12:48:39+00:00\",\"description\":\"Retrouvez nos articles de plage en magasin \\u00e0 La Tranche-sur-Mer et sur notre site L'\\u00c9toile de Mer! Des jeux aux foutas, en passant articles de p\\u00eache!\",\"inLanguage\":\"fr-FR\",\"potentialAction\":[{\"@type\":\"ReadAction\",\"target\":[\"http:\/\/l-etoile-de-mer.com\/index.php\/articles-de-plage\/\"]}]}]}<\/script>\n<!-- \/ Yoast SEO plugin. -->","_links":{"self":[{"href":"https:\/\/l-etoile-de-mer.com\/index.php\/wp-json\/wp\/v2\/pages\/118"}],"collection":[{"href":"https:\/\/l-etoile-de-mer.com\/index.php\/wp-json\/wp\/v2\/pages"}],"about":[{"href":"https:\/\/l-etoile-de-mer.com\/index.php\/wp-json\/wp\/v2\/types\/page"}],"author":[{"embeddable":true,"href":"https:\/\/l-etoile-de-mer.com\/index.php\/wp-json\/wp\/v2\/users\/1"}],"replies":[{"embeddable":true,"href":"https:\/\/l-etoile-de-mer.com\/index.php\/wp-json\/wp\/v2\/comments?post=118"}],"version-history":[{"count":49,"href":"https:\/\/l-etoile-de-mer.com\/index.php\/wp-json\/wp\/v2\/pages\/118\/revisions"}],"predecessor-version":[{"id":1019,"href":"https:\/\/l-etoile-de-mer.com\/index.php\/wp-json\/wp\/v2\/pages\/118\/revisions\/1019"}],"wp:attachment":[{"href":"https:\/\/l-etoile-de-mer.com\/index.php\/wp-json\/wp\/v2\/media?parent=118"}],"curies":[{"name":"wp","href":"https:\/\/api.w.org\/{rel}","templated":true}]}}