{"id":134,"date":"2020-03-22T12:30:28","date_gmt":"2020-03-22T11:30:28","guid":{"rendered":"http:\/\/l-etoile-de-mer.com\/?page_id=134"},"modified":"2020-05-22T19:51:01","modified_gmt":"2020-05-22T17:51:01","slug":"protections-solaires","status":"publish","type":"page","link":"https:\/\/l-etoile-de-mer.com\/index.php\/protections-solaires\/","title":{"rendered":"Protections solaires"},"content":{"rendered":"\n<p class=\"has-text-align-center\">En magasin nous vous proposons plusieurs indices de cr\u00e8mes solaires (20, 30, 50) afin de vous prot\u00e9ger selon vos besoins. Nous avons \u00e9galement du v\u00e9ritable mono\u00ef de Tahiti et de la graisse \u00e0 traire pour parfaire votre bronzage pendant vos vacances! Afin de soulager vos coups de soleil, nous vous proposons aussi de l&rsquo;apr\u00e8s-soleil afin d&rsquo;hydrater votre peau et soulager vos br\u00fblures l\u00e9g\u00e8res. <\/p>\n\n\n\n<p class=\"has-text-align-center\">Disponible \u00e0 L&rsquo;\u00c9toile de Mer \u00e0 La Tranche-sur-Mer!<\/p>\n\n\n\n<div class=\"wp-block-image\"><figure class=\"aligncenter\"><img loading=\"lazy\" width=\"426\" height=\"1024\" src=\"http:\/\/l-etoile-de-mer.com\/wp-content\/uploads\/2020\/03\/90562088_529474031093512_1509532759452811264_n-426x1024.jpg\" alt=\"\" class=\"wp-image-502\" srcset=\"https:\/\/l-etoile-de-mer.com\/wp-content\/uploads\/2020\/03\/90562088_529474031093512_1509532759452811264_n-426x1024.jpg 426w, https:\/\/l-etoile-de-mer.com\/wp-content\/uploads\/2020\/03\/90562088_529474031093512_1509532759452811264_n-125x300.jpg 125w, https:\/\/l-etoile-de-mer.com\/wp-content\/uploads\/2020\/03\/90562088_529474031093512_1509532759452811264_n.jpg 665w\" sizes=\"(max-width: 426px) 100vw, 426px\" \/><\/figure><\/div>\n","protected":false},"excerpt":{"rendered":"<p>En magasin nous vous proposons plusieurs indices de cr\u00e8mes solaires (20, 30, 50) afin de vous prot\u00e9ger selon vos besoins. Nous avons \u00e9galement du v\u00e9ritable mono\u00ef de Tahiti et de la graisse \u00e0 traire pour parfaire votre bronzage pendant vos vacances! Afin de soulager vos coups de soleil, nous vous proposons aussi de l&rsquo;apr\u00e8s-soleil afin d&rsquo;hydrater votre peau et soulager vos br\u00fblures l\u00e9g\u00e8res. Disponible \u00e0 L&rsquo;\u00c9toile de Mer \u00e0 La Tranche-sur-Mer!<\/p>\n","protected":false},"author":1,"featured_media":0,"parent":0,"menu_order":0,"comment_status":"closed","ping_status":"closed","template":"","meta":[],"yoast_head":"<!-- This site is optimized with the Yoast SEO plugin v14.5 - https:\/\/yoast.com\/wordpress\/plugins\/seo\/ -->\n<title>L&#039;\u00c9toile de Mer - Votre magasin de souvenirs - Protections solaires<\/title>\n<meta name=\"description\" content=\"En magasin nous vous proposons plusieurs indices de cr\u00e8mes solaires (20, 30, 50) afin de vous prot\u00e9ger selon vos besoins.\" \/>\n<meta name=\"robots\" content=\"index, follow\" \/>\n<meta name=\"googlebot\" content=\"index, follow, max-snippet:-1, max-image-preview:large, max-video-preview:-1\" \/>\n<meta name=\"bingbot\" content=\"index, follow, max-snippet:-1, max-image-preview:large, max-video-preview:-1\" \/>\n<link rel=\"canonical\" href=\"http:\/\/l-etoile-de-mer.com\/index.php\/protections-solaires\/\" \/>\n<meta property=\"og:locale\" content=\"fr_FR\" \/>\n<meta property=\"og:type\" content=\"article\" \/>\n<meta property=\"og:title\" content=\"L&#039;\u00c9toile de Mer - Votre magasin de souvenirs - Protections solaires\" \/>\n<meta property=\"og:description\" content=\"En magasin nous vous proposons plusieurs indices de cr\u00e8mes solaires (20, 30, 50) afin de vous prot\u00e9ger selon vos besoins.\" \/>\n<meta property=\"og:url\" content=\"http:\/\/l-etoile-de-mer.com\/index.php\/protections-solaires\/\" \/>\n<meta property=\"article:publisher\" content=\"https:\/\/www.facebook.com\/Etoile-de-mer-1381346558799296\/?__tn__=%2cd%2cP-R&amp;amp%3bamp%3bamp%3bamp%3bamp%3bamp%3bamp%3bamp%3beid=ARDtMrGifVDxNerB2hiHZovBaikL-1lkSjlAYHgm14Uv45olgHYMRTpy7NFqDOXv_YfIi0kxa3KDiyzx\" \/>\n<meta property=\"article:modified_time\" content=\"2020-05-22T17:51:01+00:00\" \/>\n<meta property=\"og:image\" content=\"http:\/\/l-etoile-de-mer.com\/wp-content\/uploads\/2020\/03\/90562088_529474031093512_1509532759452811264_n-426x1024.jpg\" \/>\n<meta name=\"twitter:card\" content=\"summary_large_image\" \/>\n<script type=\"application\/ld+json\" class=\"yoast-schema-graph\">{\"@context\":\"https:\/\/schema.org\",\"@graph\":[{\"@type\":\"Organization\",\"@id\":\"https:\/\/l-etoile-de-mer.com\/#organization\",\"name\":\"L'\\u00c9toile de Mer\",\"url\":\"https:\/\/l-etoile-de-mer.com\/\",\"sameAs\":[\"https:\/\/www.facebook.com\/Etoile-de-mer-1381346558799296\/?__tn__=,d,P-R&amp;amp;amp;amp;amp;amp;amp;amp;eid=ARDtMrGifVDxNerB2hiHZovBaikL-1lkSjlAYHgm14Uv45olgHYMRTpy7NFqDOXv_YfIi0kxa3KDiyzx\",\"https:\/\/www.instagram.com\/etoiledemer85360\/?hl=fr\"],\"logo\":{\"@type\":\"ImageObject\",\"@id\":\"https:\/\/l-etoile-de-mer.com\/#logo\",\"inLanguage\":\"fr-FR\",\"url\":\"https:\/\/l-etoile-de-mer.com\/wp-content\/uploads\/2020\/03\/etoile-sans-fond.png\",\"width\":800,\"height\":800,\"caption\":\"L'\\u00c9toile de Mer\"},\"image\":{\"@id\":\"https:\/\/l-etoile-de-mer.com\/#logo\"}},{\"@type\":\"WebSite\",\"@id\":\"https:\/\/l-etoile-de-mer.com\/#website\",\"url\":\"https:\/\/l-etoile-de-mer.com\/\",\"name\":\"\",\"description\":\"\",\"publisher\":{\"@id\":\"https:\/\/l-etoile-de-mer.com\/#organization\"},\"potentialAction\":[{\"@type\":\"SearchAction\",\"target\":\"https:\/\/l-etoile-de-mer.com\/?s={search_term_string}\",\"query-input\":\"required name=search_term_string\"}],\"inLanguage\":\"fr-FR\"},{\"@type\":\"ImageObject\",\"@id\":\"http:\/\/l-etoile-de-mer.com\/index.php\/protections-solaires\/#primaryimage\",\"inLanguage\":\"fr-FR\",\"url\":\"http:\/\/l-etoile-de-mer.com\/wp-content\/uploads\/2020\/03\/90562088_529474031093512_1509532759452811264_n-426x1024.jpg\"},{\"@type\":\"WebPage\",\"@id\":\"http:\/\/l-etoile-de-mer.com\/index.php\/protections-solaires\/#webpage\",\"url\":\"http:\/\/l-etoile-de-mer.com\/index.php\/protections-solaires\/\",\"name\":\"L'\\u00c9toile de Mer - Votre magasin de souvenirs - Protections solaires\",\"isPartOf\":{\"@id\":\"https:\/\/l-etoile-de-mer.com\/#website\"},\"primaryImageOfPage\":{\"@id\":\"http:\/\/l-etoile-de-mer.com\/index.php\/protections-solaires\/#primaryimage\"},\"datePublished\":\"2020-03-22T11:30:28+00:00\",\"dateModified\":\"2020-05-22T17:51:01+00:00\",\"description\":\"En magasin nous vous proposons plusieurs indices de cr\\u00e8mes solaires (20, 30, 50) afin de vous prot\\u00e9ger selon vos besoins.\",\"inLanguage\":\"fr-FR\",\"potentialAction\":[{\"@type\":\"ReadAction\",\"target\":[\"http:\/\/l-etoile-de-mer.com\/index.php\/protections-solaires\/\"]}]}]}<\/script>\n<!-- \/ Yoast SEO plugin. -->","_links":{"self":[{"href":"https:\/\/l-etoile-de-mer.com\/index.php\/wp-json\/wp\/v2\/pages\/134"}],"collection":[{"href":"https:\/\/l-etoile-de-mer.com\/index.php\/wp-json\/wp\/v2\/pages"}],"about":[{"href":"https:\/\/l-etoile-de-mer.com\/index.php\/wp-json\/wp\/v2\/types\/page"}],"author":[{"embeddable":true,"href":"https:\/\/l-etoile-de-mer.com\/index.php\/wp-json\/wp\/v2\/users\/1"}],"replies":[{"embeddable":true,"href":"https:\/\/l-etoile-de-mer.com\/index.php\/wp-json\/wp\/v2\/comments?post=134"}],"version-history":[{"count":7,"href":"https:\/\/l-etoile-de-mer.com\/index.php\/wp-json\/wp\/v2\/pages\/134\/revisions"}],"predecessor-version":[{"id":977,"href":"https:\/\/l-etoile-de-mer.com\/index.php\/wp-json\/wp\/v2\/pages\/134\/revisions\/977"}],"wp:attachment":[{"href":"https:\/\/l-etoile-de-mer.com\/index.php\/wp-json\/wp\/v2\/media?parent=134"}],"curies":[{"name":"wp","href":"https:\/\/api.w.org\/{rel}","templated":true}]}}