{"id":152,"date":"2020-03-22T12:32:11","date_gmt":"2020-03-22T11:32:11","guid":{"rendered":"http:\/\/l-etoile-de-mer.com\/?page_id=152"},"modified":"2020-05-22T15:28:46","modified_gmt":"2020-05-22T13:28:46","slug":"articles-fantaisies","status":"publish","type":"page","link":"https:\/\/l-etoile-de-mer.com\/index.php\/articles-fantaisies\/","title":{"rendered":"Articles fantaisies"},"content":{"rendered":"\n<p class=\"has-text-align-center\">Notre magasin vous propose une s\u00e9lection de produits fantaisistes. Des attrapes-r\u00eaves, des bracelets porte-bonheur, des cha\u00eenes de chevilles, des bracelets pr\u00e9noms &#8230; Pour petits et grands trouvez un souvenir pour vous ou pour faire plaisir \u00e0 vos proches! Nos produits \u00e0 des prix raisonnables et pour une bonne qualit\u00e9 dans notre magasin!<\/p>\n\n\n\n<p class=\"has-text-align-center\">Disponible \u00e0 L&rsquo;\u00c9toile de Mer \u00e0 La Tranche-sur-Mer!<\/p>\n\n\n\n<div class=\"wp-block-image\"><figure class=\"aligncenter\"><img loading=\"lazy\" width=\"827\" height=\"960\" src=\"http:\/\/l-etoile-de-mer.com\/wp-content\/uploads\/2020\/03\/90743346_215130873029043_5184908240835575808_n.jpg\" alt=\"\" class=\"wp-image-471\" srcset=\"https:\/\/l-etoile-de-mer.com\/wp-content\/uploads\/2020\/03\/90743346_215130873029043_5184908240835575808_n.jpg 827w, https:\/\/l-etoile-de-mer.com\/wp-content\/uploads\/2020\/03\/90743346_215130873029043_5184908240835575808_n-258x300.jpg 258w, https:\/\/l-etoile-de-mer.com\/wp-content\/uploads\/2020\/03\/90743346_215130873029043_5184908240835575808_n-768x892.jpg 768w\" sizes=\"(max-width: 827px) 100vw, 827px\" \/><\/figure><\/div>\n","protected":false},"excerpt":{"rendered":"<p>Notre magasin vous propose une s\u00e9lection de produits fantaisistes. Des attrapes-r\u00eaves, des bracelets porte-bonheur, des cha\u00eenes de chevilles, des bracelets pr\u00e9noms &#8230; Pour petits et grands trouvez un souvenir pour vous ou pour faire plaisir \u00e0 vos proches! Nos produits \u00e0 des prix raisonnables et pour une bonne qualit\u00e9 dans notre magasin! Disponible \u00e0 L&rsquo;\u00c9toile de Mer \u00e0 La Tranche-sur-Mer!<\/p>\n","protected":false},"author":1,"featured_media":0,"parent":0,"menu_order":0,"comment_status":"closed","ping_status":"closed","template":"","meta":[],"yoast_head":"<!-- This site is optimized with the Yoast SEO plugin v14.5 - https:\/\/yoast.com\/wordpress\/plugins\/seo\/ -->\n<title>L&#039;\u00c9toile de Mer - Votre magasin de souvenirs - Articles fantaisies<\/title>\n<meta name=\"description\" content=\"Dans notre magasin nous vous proposons une grande s\u00e9lection de produits fantaisistes. Des attrapes-r\u00eaves, des bracelets porte-bonheur...\" \/>\n<meta name=\"robots\" content=\"index, follow\" \/>\n<meta name=\"googlebot\" content=\"index, follow, max-snippet:-1, max-image-preview:large, max-video-preview:-1\" \/>\n<meta name=\"bingbot\" content=\"index, follow, max-snippet:-1, max-image-preview:large, max-video-preview:-1\" \/>\n<link rel=\"canonical\" href=\"http:\/\/l-etoile-de-mer.com\/index.php\/articles-fantaisies\/\" \/>\n<meta property=\"og:locale\" content=\"fr_FR\" \/>\n<meta property=\"og:type\" content=\"article\" \/>\n<meta property=\"og:title\" content=\"L&#039;\u00c9toile de Mer - Votre magasin de souvenirs - Articles fantaisies\" \/>\n<meta property=\"og:description\" content=\"Dans notre magasin nous vous proposons une grande s\u00e9lection de produits fantaisistes. Des attrapes-r\u00eaves, des bracelets porte-bonheur...\" \/>\n<meta property=\"og:url\" content=\"http:\/\/l-etoile-de-mer.com\/index.php\/articles-fantaisies\/\" \/>\n<meta property=\"article:publisher\" content=\"https:\/\/www.facebook.com\/Etoile-de-mer-1381346558799296\/?__tn__=%2cd%2cP-R&amp;amp%3bamp%3bamp%3bamp%3bamp%3bamp%3bamp%3bamp%3beid=ARDtMrGifVDxNerB2hiHZovBaikL-1lkSjlAYHgm14Uv45olgHYMRTpy7NFqDOXv_YfIi0kxa3KDiyzx\" \/>\n<meta property=\"article:modified_time\" content=\"2020-05-22T13:28:46+00:00\" \/>\n<meta property=\"og:image\" content=\"http:\/\/l-etoile-de-mer.com\/wp-content\/uploads\/2020\/03\/90743346_215130873029043_5184908240835575808_n.jpg\" \/>\n<meta name=\"twitter:card\" content=\"summary_large_image\" \/>\n<script type=\"application\/ld+json\" class=\"yoast-schema-graph\">{\"@context\":\"https:\/\/schema.org\",\"@graph\":[{\"@type\":\"Organization\",\"@id\":\"https:\/\/l-etoile-de-mer.com\/#organization\",\"name\":\"L'\\u00c9toile de Mer\",\"url\":\"https:\/\/l-etoile-de-mer.com\/\",\"sameAs\":[\"https:\/\/www.facebook.com\/Etoile-de-mer-1381346558799296\/?__tn__=,d,P-R&amp;amp;amp;amp;amp;amp;amp;amp;eid=ARDtMrGifVDxNerB2hiHZovBaikL-1lkSjlAYHgm14Uv45olgHYMRTpy7NFqDOXv_YfIi0kxa3KDiyzx\",\"https:\/\/www.instagram.com\/etoiledemer85360\/?hl=fr\"],\"logo\":{\"@type\":\"ImageObject\",\"@id\":\"https:\/\/l-etoile-de-mer.com\/#logo\",\"inLanguage\":\"fr-FR\",\"url\":\"https:\/\/l-etoile-de-mer.com\/wp-content\/uploads\/2020\/03\/etoile-sans-fond.png\",\"width\":800,\"height\":800,\"caption\":\"L'\\u00c9toile de Mer\"},\"image\":{\"@id\":\"https:\/\/l-etoile-de-mer.com\/#logo\"}},{\"@type\":\"WebSite\",\"@id\":\"https:\/\/l-etoile-de-mer.com\/#website\",\"url\":\"https:\/\/l-etoile-de-mer.com\/\",\"name\":\"\",\"description\":\"\",\"publisher\":{\"@id\":\"https:\/\/l-etoile-de-mer.com\/#organization\"},\"potentialAction\":[{\"@type\":\"SearchAction\",\"target\":\"https:\/\/l-etoile-de-mer.com\/?s={search_term_string}\",\"query-input\":\"required name=search_term_string\"}],\"inLanguage\":\"fr-FR\"},{\"@type\":\"ImageObject\",\"@id\":\"http:\/\/l-etoile-de-mer.com\/index.php\/articles-fantaisies\/#primaryimage\",\"inLanguage\":\"fr-FR\",\"url\":\"http:\/\/l-etoile-de-mer.com\/wp-content\/uploads\/2020\/03\/90743346_215130873029043_5184908240835575808_n.jpg\"},{\"@type\":\"WebPage\",\"@id\":\"http:\/\/l-etoile-de-mer.com\/index.php\/articles-fantaisies\/#webpage\",\"url\":\"http:\/\/l-etoile-de-mer.com\/index.php\/articles-fantaisies\/\",\"name\":\"L'\\u00c9toile de Mer - Votre magasin de souvenirs - Articles fantaisies\",\"isPartOf\":{\"@id\":\"https:\/\/l-etoile-de-mer.com\/#website\"},\"primaryImageOfPage\":{\"@id\":\"http:\/\/l-etoile-de-mer.com\/index.php\/articles-fantaisies\/#primaryimage\"},\"datePublished\":\"2020-03-22T11:32:11+00:00\",\"dateModified\":\"2020-05-22T13:28:46+00:00\",\"description\":\"Dans notre magasin nous vous proposons une grande s\\u00e9lection de produits fantaisistes. Des attrapes-r\\u00eaves, des bracelets porte-bonheur...\",\"inLanguage\":\"fr-FR\",\"potentialAction\":[{\"@type\":\"ReadAction\",\"target\":[\"http:\/\/l-etoile-de-mer.com\/index.php\/articles-fantaisies\/\"]}]}]}<\/script>\n<!-- \/ Yoast SEO plugin. -->","_links":{"self":[{"href":"https:\/\/l-etoile-de-mer.com\/index.php\/wp-json\/wp\/v2\/pages\/152"}],"collection":[{"href":"https:\/\/l-etoile-de-mer.com\/index.php\/wp-json\/wp\/v2\/pages"}],"about":[{"href":"https:\/\/l-etoile-de-mer.com\/index.php\/wp-json\/wp\/v2\/types\/page"}],"author":[{"embeddable":true,"href":"https:\/\/l-etoile-de-mer.com\/index.php\/wp-json\/wp\/v2\/users\/1"}],"replies":[{"embeddable":true,"href":"https:\/\/l-etoile-de-mer.com\/index.php\/wp-json\/wp\/v2\/comments?post=152"}],"version-history":[{"count":8,"href":"https:\/\/l-etoile-de-mer.com\/index.php\/wp-json\/wp\/v2\/pages\/152\/revisions"}],"predecessor-version":[{"id":999,"href":"https:\/\/l-etoile-de-mer.com\/index.php\/wp-json\/wp\/v2\/pages\/152\/revisions\/999"}],"wp:attachment":[{"href":"https:\/\/l-etoile-de-mer.com\/index.php\/wp-json\/wp\/v2\/media?parent=152"}],"curies":[{"name":"wp","href":"https:\/\/api.w.org\/{rel}","templated":true}]}}