{"id":164,"date":"2020-03-22T12:33:33","date_gmt":"2020-03-22T11:33:33","guid":{"rendered":"http:\/\/l-etoile-de-mer.com\/?page_id=164"},"modified":"2020-05-22T16:04:08","modified_gmt":"2020-05-22T14:04:08","slug":"essuies-mains","status":"publish","type":"page","link":"https:\/\/l-etoile-de-mer.com\/index.php\/essuies-mains\/","title":{"rendered":"Essuies-mains"},"content":{"rendered":"\n<p class=\"has-text-align-center\">En magasin nous vous proposons de nombreux mod\u00e8les d&rsquo;essuie-mains! Des essuies-mains ronds avec de nombreux dessins (phares, poissons, voiliers, mouettes, &#8230;) avec plusieurs choix de couleurs (vert, bleu, rouge, marrons, gris, &#8230;). Vous trouverez de quoi habillez votre cuisine ou votre salle de bain! Dans notre s\u00e9lection vous trouverez \u00e9galement des coffrets essuies-mains, torchons en nid d&rsquo;abeilles ou avec des savons. Une super id\u00e9e pour vos cadeaux! <\/p>\n\n\n\n<p class=\"has-text-align-center\">Disponible \u00e0 L&rsquo;\u00c9toile de Mer \u00e0 La Tranche-sur-Mer!<\/p>\n\n\n\n<div class=\"wp-block-image\"><figure class=\"aligncenter\"><img loading=\"lazy\" width=\"827\" height=\"620\" src=\"http:\/\/l-etoile-de-mer.com\/wp-content\/uploads\/2020\/03\/90590982_218720179446430_2728582939213299712_n.jpg\" alt=\"\" class=\"wp-image-485\" srcset=\"https:\/\/l-etoile-de-mer.com\/wp-content\/uploads\/2020\/03\/90590982_218720179446430_2728582939213299712_n.jpg 827w, https:\/\/l-etoile-de-mer.com\/wp-content\/uploads\/2020\/03\/90590982_218720179446430_2728582939213299712_n-300x225.jpg 300w, https:\/\/l-etoile-de-mer.com\/wp-content\/uploads\/2020\/03\/90590982_218720179446430_2728582939213299712_n-768x576.jpg 768w\" sizes=\"(max-width: 827px) 100vw, 827px\" \/><\/figure><\/div>\n","protected":false},"excerpt":{"rendered":"<p>En magasin nous vous proposons de nombreux mod\u00e8les d&rsquo;essuie-mains! Des essuies-mains ronds avec de nombreux dessins (phares, poissons, voiliers, mouettes, &#8230;) avec plusieurs choix de couleurs (vert, bleu, rouge, marrons, gris, &#8230;). Vous trouverez de quoi habillez votre cuisine ou votre salle de bain! Dans notre s\u00e9lection vous trouverez \u00e9galement des coffrets essuies-mains, torchons en nid d&rsquo;abeilles ou avec des savons. Une super id\u00e9e pour vos cadeaux! Disponible \u00e0 L&rsquo;\u00c9toile de Mer \u00e0 La Tranche-sur-Mer!<\/p>\n","protected":false},"author":1,"featured_media":0,"parent":0,"menu_order":0,"comment_status":"closed","ping_status":"closed","template":"","meta":[],"yoast_head":"<!-- This site is optimized with the Yoast SEO plugin v14.5 - https:\/\/yoast.com\/wordpress\/plugins\/seo\/ -->\n<title>L&#039;\u00c9toile de Mer - Votre magasin de souvenirs - Essuies-mains<\/title>\n<meta name=\"description\" content=\"En magasin nous vous proposons de nombreux mod\u00e8les d&#039;essuie-mains! Des essuies-mains ronds avec de nombreux dessins; phares, poissons, voiliers, mouettes...\" \/>\n<meta name=\"robots\" content=\"index, follow\" \/>\n<meta name=\"googlebot\" content=\"index, follow, max-snippet:-1, max-image-preview:large, max-video-preview:-1\" \/>\n<meta name=\"bingbot\" content=\"index, follow, max-snippet:-1, max-image-preview:large, max-video-preview:-1\" \/>\n<link rel=\"canonical\" href=\"http:\/\/l-etoile-de-mer.com\/index.php\/essuies-mains\/\" \/>\n<meta property=\"og:locale\" content=\"fr_FR\" \/>\n<meta property=\"og:type\" content=\"article\" \/>\n<meta property=\"og:title\" content=\"L&#039;\u00c9toile de Mer - Votre magasin de souvenirs - Essuies-mains\" \/>\n<meta property=\"og:description\" content=\"En magasin nous vous proposons de nombreux mod\u00e8les d&#039;essuie-mains! Des essuies-mains ronds avec de nombreux dessins; phares, poissons, voiliers, mouettes...\" \/>\n<meta property=\"og:url\" content=\"http:\/\/l-etoile-de-mer.com\/index.php\/essuies-mains\/\" \/>\n<meta property=\"article:publisher\" content=\"https:\/\/www.facebook.com\/Etoile-de-mer-1381346558799296\/?__tn__=%2cd%2cP-R&amp;amp%3bamp%3bamp%3bamp%3bamp%3bamp%3bamp%3bamp%3beid=ARDtMrGifVDxNerB2hiHZovBaikL-1lkSjlAYHgm14Uv45olgHYMRTpy7NFqDOXv_YfIi0kxa3KDiyzx\" \/>\n<meta property=\"article:modified_time\" content=\"2020-05-22T14:04:08+00:00\" \/>\n<meta property=\"og:image\" content=\"http:\/\/l-etoile-de-mer.com\/wp-content\/uploads\/2020\/03\/90590982_218720179446430_2728582939213299712_n.jpg\" \/>\n<meta name=\"twitter:card\" content=\"summary_large_image\" \/>\n<script type=\"application\/ld+json\" class=\"yoast-schema-graph\">{\"@context\":\"https:\/\/schema.org\",\"@graph\":[{\"@type\":\"Organization\",\"@id\":\"https:\/\/l-etoile-de-mer.com\/#organization\",\"name\":\"L'\\u00c9toile de Mer\",\"url\":\"https:\/\/l-etoile-de-mer.com\/\",\"sameAs\":[\"https:\/\/www.facebook.com\/Etoile-de-mer-1381346558799296\/?__tn__=,d,P-R&amp;amp;amp;amp;amp;amp;amp;amp;eid=ARDtMrGifVDxNerB2hiHZovBaikL-1lkSjlAYHgm14Uv45olgHYMRTpy7NFqDOXv_YfIi0kxa3KDiyzx\",\"https:\/\/www.instagram.com\/etoiledemer85360\/?hl=fr\"],\"logo\":{\"@type\":\"ImageObject\",\"@id\":\"https:\/\/l-etoile-de-mer.com\/#logo\",\"inLanguage\":\"fr-FR\",\"url\":\"https:\/\/l-etoile-de-mer.com\/wp-content\/uploads\/2020\/03\/etoile-sans-fond.png\",\"width\":800,\"height\":800,\"caption\":\"L'\\u00c9toile de Mer\"},\"image\":{\"@id\":\"https:\/\/l-etoile-de-mer.com\/#logo\"}},{\"@type\":\"WebSite\",\"@id\":\"https:\/\/l-etoile-de-mer.com\/#website\",\"url\":\"https:\/\/l-etoile-de-mer.com\/\",\"name\":\"\",\"description\":\"\",\"publisher\":{\"@id\":\"https:\/\/l-etoile-de-mer.com\/#organization\"},\"potentialAction\":[{\"@type\":\"SearchAction\",\"target\":\"https:\/\/l-etoile-de-mer.com\/?s={search_term_string}\",\"query-input\":\"required name=search_term_string\"}],\"inLanguage\":\"fr-FR\"},{\"@type\":\"ImageObject\",\"@id\":\"http:\/\/l-etoile-de-mer.com\/index.php\/essuies-mains\/#primaryimage\",\"inLanguage\":\"fr-FR\",\"url\":\"http:\/\/l-etoile-de-mer.com\/wp-content\/uploads\/2020\/03\/90590982_218720179446430_2728582939213299712_n.jpg\"},{\"@type\":\"WebPage\",\"@id\":\"http:\/\/l-etoile-de-mer.com\/index.php\/essuies-mains\/#webpage\",\"url\":\"http:\/\/l-etoile-de-mer.com\/index.php\/essuies-mains\/\",\"name\":\"L'\\u00c9toile de Mer - Votre magasin de souvenirs - Essuies-mains\",\"isPartOf\":{\"@id\":\"https:\/\/l-etoile-de-mer.com\/#website\"},\"primaryImageOfPage\":{\"@id\":\"http:\/\/l-etoile-de-mer.com\/index.php\/essuies-mains\/#primaryimage\"},\"datePublished\":\"2020-03-22T11:33:33+00:00\",\"dateModified\":\"2020-05-22T14:04:08+00:00\",\"description\":\"En magasin nous vous proposons de nombreux mod\\u00e8les d'essuie-mains! Des essuies-mains ronds avec de nombreux dessins; phares, poissons, voiliers, mouettes...\",\"inLanguage\":\"fr-FR\",\"potentialAction\":[{\"@type\":\"ReadAction\",\"target\":[\"http:\/\/l-etoile-de-mer.com\/index.php\/essuies-mains\/\"]}]}]}<\/script>\n<!-- \/ Yoast SEO plugin. -->","_links":{"self":[{"href":"https:\/\/l-etoile-de-mer.com\/index.php\/wp-json\/wp\/v2\/pages\/164"}],"collection":[{"href":"https:\/\/l-etoile-de-mer.com\/index.php\/wp-json\/wp\/v2\/pages"}],"about":[{"href":"https:\/\/l-etoile-de-mer.com\/index.php\/wp-json\/wp\/v2\/types\/page"}],"author":[{"embeddable":true,"href":"https:\/\/l-etoile-de-mer.com\/index.php\/wp-json\/wp\/v2\/users\/1"}],"replies":[{"embeddable":true,"href":"https:\/\/l-etoile-de-mer.com\/index.php\/wp-json\/wp\/v2\/comments?post=164"}],"version-history":[{"count":7,"href":"https:\/\/l-etoile-de-mer.com\/index.php\/wp-json\/wp\/v2\/pages\/164\/revisions"}],"predecessor-version":[{"id":935,"href":"https:\/\/l-etoile-de-mer.com\/index.php\/wp-json\/wp\/v2\/pages\/164\/revisions\/935"}],"wp:attachment":[{"href":"https:\/\/l-etoile-de-mer.com\/index.php\/wp-json\/wp\/v2\/media?parent=164"}],"curies":[{"name":"wp","href":"https:\/\/api.w.org\/{rel}","templated":true}]}}