{"id":167,"date":"2020-03-22T12:33:45","date_gmt":"2020-03-22T11:33:45","guid":{"rendered":"http:\/\/l-etoile-de-mer.com\/?page_id=167"},"modified":"2020-05-22T20:24:08","modified_gmt":"2020-05-22T18:24:08","slug":"vetements-marins","status":"publish","type":"page","link":"https:\/\/l-etoile-de-mer.com\/index.php\/vetements-marins\/","title":{"rendered":"V\u00eatements marins"},"content":{"rendered":"\n<p class=\"has-text-align-center\">Les v\u00eatements marins sont un rayon incontournable dans notre magasin, c&rsquo;est donc une parfaite id\u00e9e cadeau ou souvenirs de vos vacances!<\/p>\n\n\n\n<p class=\"has-text-align-center\">Retrouvez notre confection de qualit\u00e9 \u00e0 des prix abordables en magasin pour vous faire plaisir ou faire plaisir. Pour enfants (du 3 mois au 14 ans) et adultes (du XS au XXL). Il y a tout ce que vous cherchez dans notre rayon de v\u00eatements marins. Avec nos collections hommes\/gar\u00e7on et femmes\/ filles compos\u00e9s de : pulls, sweats, t-shirts, robe, cir\u00e9s marins. Vous trouverez ce qu&rsquo;il vous faut! Notre \u00e9quipe vous conseillera afin de vous aider dans vos choix et rendra vos visites en magasin les plus agr\u00e9ables possibles. <\/p>\n\n\n\n<p class=\"has-text-align-center\">Disponible \u00e0 L&rsquo;\u00c9toile de Mer \u00e0 La Tranche-sur-Mer!<\/p>\n\n\n\n<figure class=\"wp-block-gallery aligncenter columns-2 is-cropped\"><ul class=\"blocks-gallery-grid\"><li class=\"blocks-gallery-item\"><figure><img loading=\"lazy\" width=\"768\" height=\"1024\" src=\"http:\/\/l-etoile-de-mer.com\/wp-content\/uploads\/2020\/03\/90606962_502018843800791_8817157745145806848_n-768x1024.jpg\" alt=\"\" data-id=\"509\" data-link=\"http:\/\/l-etoile-de-mer.com\/index.php\/vetements-marins\/90606962_502018843800791_8817157745145806848_n\/\" class=\"wp-image-509\" srcset=\"https:\/\/l-etoile-de-mer.com\/wp-content\/uploads\/2020\/03\/90606962_502018843800791_8817157745145806848_n-768x1024.jpg 768w, https:\/\/l-etoile-de-mer.com\/wp-content\/uploads\/2020\/03\/90606962_502018843800791_8817157745145806848_n-225x300.jpg 225w, https:\/\/l-etoile-de-mer.com\/wp-content\/uploads\/2020\/03\/90606962_502018843800791_8817157745145806848_n.jpg 828w\" sizes=\"(max-width: 768px) 100vw, 768px\" \/><\/figure><\/li><li class=\"blocks-gallery-item\"><figure><img loading=\"lazy\" width=\"827\" height=\"620\" src=\"http:\/\/l-etoile-de-mer.com\/wp-content\/uploads\/2020\/03\/90759695_215617579524216_1167914303429279744_n.jpg\" alt=\"\" data-id=\"510\" data-link=\"http:\/\/l-etoile-de-mer.com\/index.php\/vetements-marins\/90759695_215617579524216_1167914303429279744_n\/\" class=\"wp-image-510\" srcset=\"https:\/\/l-etoile-de-mer.com\/wp-content\/uploads\/2020\/03\/90759695_215617579524216_1167914303429279744_n.jpg 827w, https:\/\/l-etoile-de-mer.com\/wp-content\/uploads\/2020\/03\/90759695_215617579524216_1167914303429279744_n-300x225.jpg 300w, https:\/\/l-etoile-de-mer.com\/wp-content\/uploads\/2020\/03\/90759695_215617579524216_1167914303429279744_n-768x576.jpg 768w\" sizes=\"(max-width: 827px) 100vw, 827px\" \/><\/figure><\/li><\/ul><\/figure>\n","protected":false},"excerpt":{"rendered":"<p>Les v\u00eatements marins sont un rayon incontournable dans notre magasin, c&rsquo;est donc une parfaite id\u00e9e cadeau ou souvenirs de vos vacances! Retrouvez notre confection de qualit\u00e9 \u00e0 des prix abordables en magasin pour vous faire plaisir ou faire plaisir. Pour enfants (du 3 mois au 14 ans) et adultes (du XS au XXL). Il y a tout ce que vous cherchez dans notre rayon de v\u00eatements marins. Avec nos collections hommes\/gar\u00e7on et femmes\/ filles compos\u00e9s de : pulls, sweats, t-shirts, robe, cir\u00e9s marins. Vous trouverez ce qu&rsquo;il vous faut! Notre \u00e9quipe vous conseillera afin de vous aider dans vos choix et rendra vos visites en magasin les plus agr\u00e9ables possibles. Disponible \u00e0 L&rsquo;\u00c9toile de Mer \u00e0 La Tranche-sur-Mer!<\/p>\n","protected":false},"author":1,"featured_media":0,"parent":0,"menu_order":0,"comment_status":"closed","ping_status":"closed","template":"","meta":[],"yoast_head":"<!-- This site is optimized with the Yoast SEO plugin v14.5 - https:\/\/yoast.com\/wordpress\/plugins\/seo\/ -->\n<title>L&#039;\u00c9toile de Mer - Votre magasin de souvenirs - V\u00eatements marins<\/title>\n<meta name=\"description\" content=\"Retrouvez notre confection de qualit\u00e9 \u00e0 des prix abordables pour vous faire plaisir ou faire plaisir. Pour enfants et adultes!\" \/>\n<meta name=\"robots\" content=\"index, follow\" \/>\n<meta name=\"googlebot\" content=\"index, follow, max-snippet:-1, max-image-preview:large, max-video-preview:-1\" \/>\n<meta name=\"bingbot\" content=\"index, follow, max-snippet:-1, max-image-preview:large, max-video-preview:-1\" \/>\n<link rel=\"canonical\" href=\"http:\/\/l-etoile-de-mer.com\/index.php\/vetements-marins\/\" \/>\n<meta property=\"og:locale\" content=\"fr_FR\" \/>\n<meta property=\"og:type\" content=\"article\" \/>\n<meta property=\"og:title\" content=\"L&#039;\u00c9toile de Mer - Votre magasin de souvenirs - V\u00eatements marins\" \/>\n<meta property=\"og:description\" content=\"Retrouvez notre confection de qualit\u00e9 \u00e0 des prix abordables pour vous faire plaisir ou faire plaisir. Pour enfants et adultes!\" \/>\n<meta property=\"og:url\" content=\"http:\/\/l-etoile-de-mer.com\/index.php\/vetements-marins\/\" \/>\n<meta property=\"article:publisher\" content=\"https:\/\/www.facebook.com\/Etoile-de-mer-1381346558799296\/?__tn__=%2cd%2cP-R&amp;amp%3bamp%3bamp%3bamp%3bamp%3bamp%3bamp%3bamp%3beid=ARDtMrGifVDxNerB2hiHZovBaikL-1lkSjlAYHgm14Uv45olgHYMRTpy7NFqDOXv_YfIi0kxa3KDiyzx\" \/>\n<meta property=\"article:modified_time\" content=\"2020-05-22T18:24:08+00:00\" \/>\n<meta property=\"og:image\" content=\"http:\/\/l-etoile-de-mer.com\/wp-content\/uploads\/2020\/03\/90606962_502018843800791_8817157745145806848_n-768x1024.jpg\" \/>\n<meta name=\"twitter:card\" content=\"summary_large_image\" \/>\n<script type=\"application\/ld+json\" class=\"yoast-schema-graph\">{\"@context\":\"https:\/\/schema.org\",\"@graph\":[{\"@type\":\"Organization\",\"@id\":\"https:\/\/l-etoile-de-mer.com\/#organization\",\"name\":\"L'\\u00c9toile de Mer\",\"url\":\"https:\/\/l-etoile-de-mer.com\/\",\"sameAs\":[\"https:\/\/www.facebook.com\/Etoile-de-mer-1381346558799296\/?__tn__=,d,P-R&amp;amp;amp;amp;amp;amp;amp;amp;eid=ARDtMrGifVDxNerB2hiHZovBaikL-1lkSjlAYHgm14Uv45olgHYMRTpy7NFqDOXv_YfIi0kxa3KDiyzx\",\"https:\/\/www.instagram.com\/etoiledemer85360\/?hl=fr\"],\"logo\":{\"@type\":\"ImageObject\",\"@id\":\"https:\/\/l-etoile-de-mer.com\/#logo\",\"inLanguage\":\"fr-FR\",\"url\":\"https:\/\/l-etoile-de-mer.com\/wp-content\/uploads\/2020\/03\/etoile-sans-fond.png\",\"width\":800,\"height\":800,\"caption\":\"L'\\u00c9toile de Mer\"},\"image\":{\"@id\":\"https:\/\/l-etoile-de-mer.com\/#logo\"}},{\"@type\":\"WebSite\",\"@id\":\"https:\/\/l-etoile-de-mer.com\/#website\",\"url\":\"https:\/\/l-etoile-de-mer.com\/\",\"name\":\"\",\"description\":\"\",\"publisher\":{\"@id\":\"https:\/\/l-etoile-de-mer.com\/#organization\"},\"potentialAction\":[{\"@type\":\"SearchAction\",\"target\":\"https:\/\/l-etoile-de-mer.com\/?s={search_term_string}\",\"query-input\":\"required name=search_term_string\"}],\"inLanguage\":\"fr-FR\"},{\"@type\":\"ImageObject\",\"@id\":\"http:\/\/l-etoile-de-mer.com\/index.php\/vetements-marins\/#primaryimage\",\"inLanguage\":\"fr-FR\",\"url\":\"http:\/\/l-etoile-de-mer.com\/wp-content\/uploads\/2020\/03\/90606962_502018843800791_8817157745145806848_n-768x1024.jpg\"},{\"@type\":\"WebPage\",\"@id\":\"http:\/\/l-etoile-de-mer.com\/index.php\/vetements-marins\/#webpage\",\"url\":\"http:\/\/l-etoile-de-mer.com\/index.php\/vetements-marins\/\",\"name\":\"L'\\u00c9toile de Mer - Votre magasin de souvenirs - V\\u00eatements marins\",\"isPartOf\":{\"@id\":\"https:\/\/l-etoile-de-mer.com\/#website\"},\"primaryImageOfPage\":{\"@id\":\"http:\/\/l-etoile-de-mer.com\/index.php\/vetements-marins\/#primaryimage\"},\"datePublished\":\"2020-03-22T11:33:45+00:00\",\"dateModified\":\"2020-05-22T18:24:08+00:00\",\"description\":\"Retrouvez notre confection de qualit\\u00e9 \\u00e0 des prix abordables pour vous faire plaisir ou faire plaisir. Pour enfants et adultes!\",\"inLanguage\":\"fr-FR\",\"potentialAction\":[{\"@type\":\"ReadAction\",\"target\":[\"http:\/\/l-etoile-de-mer.com\/index.php\/vetements-marins\/\"]}]}]}<\/script>\n<!-- \/ Yoast SEO plugin. -->","_links":{"self":[{"href":"https:\/\/l-etoile-de-mer.com\/index.php\/wp-json\/wp\/v2\/pages\/167"}],"collection":[{"href":"https:\/\/l-etoile-de-mer.com\/index.php\/wp-json\/wp\/v2\/pages"}],"about":[{"href":"https:\/\/l-etoile-de-mer.com\/index.php\/wp-json\/wp\/v2\/types\/page"}],"author":[{"embeddable":true,"href":"https:\/\/l-etoile-de-mer.com\/index.php\/wp-json\/wp\/v2\/users\/1"}],"replies":[{"embeddable":true,"href":"https:\/\/l-etoile-de-mer.com\/index.php\/wp-json\/wp\/v2\/comments?post=167"}],"version-history":[{"count":9,"href":"https:\/\/l-etoile-de-mer.com\/index.php\/wp-json\/wp\/v2\/pages\/167\/revisions"}],"predecessor-version":[{"id":1007,"href":"https:\/\/l-etoile-de-mer.com\/index.php\/wp-json\/wp\/v2\/pages\/167\/revisions\/1007"}],"wp:attachment":[{"href":"https:\/\/l-etoile-de-mer.com\/index.php\/wp-json\/wp\/v2\/media?parent=167"}],"curies":[{"name":"wp","href":"https:\/\/api.w.org\/{rel}","templated":true}]}}