{"id":193,"date":"2020-03-22T12:32:34","date_gmt":"2020-03-22T11:32:34","guid":{"rendered":"http:\/\/l-etoile-de-mer.com\/?page_id=155"},"modified":"2020-05-22T15:42:07","modified_gmt":"2020-05-22T13:42:07","slug":"barometros","status":"publish","type":"page","link":"https:\/\/l-etoile-de-mer.com\/index.php\/es\/barometros\/","title":{"rendered":"Bar\u00f3metros"},"content":{"rendered":"\n<p class=\"has-text-align-center\">\u00a1Los bar\u00f3metros han sido durante mucho tiempo indicadores meteorol\u00f3gicos muy buenos! Ofrecemos una amplia gama de bar\u00f3metros, indicadores de marea, relojes, term\u00f3metros, etc. todos de gran calidad y precisi\u00f3n! \u00a1Encuentra nuestros bar\u00f3metros L&rsquo;\u00c9toile de Mer en el Tranche-sur-Mer y benef\u00edciate de nuestro asesoramiento t\u00e9cnico sobre bar\u00f3metros y c\u00f3mo funcionan!<\/p>\n\n\n\n<p class=\"has-text-align-center\">\u00a1Disponible en L&rsquo;\u00c9toile de Mer en La Tranche-sur-Mer!<\/p>\n\n\n\n<div class=\"wp-block-image\"><figure class=\"aligncenter\"><img loading=\"lazy\" width=\"827\" height=\"758\" src=\"http:\/\/l-etoile-de-mer.com\/wp-content\/uploads\/2020\/03\/90676928_598441130740137_4981177046970400768_n.jpg\" alt=\"\" class=\"wp-image-473\" srcset=\"https:\/\/l-etoile-de-mer.com\/wp-content\/uploads\/2020\/03\/90676928_598441130740137_4981177046970400768_n.jpg 827w, https:\/\/l-etoile-de-mer.com\/wp-content\/uploads\/2020\/03\/90676928_598441130740137_4981177046970400768_n-300x275.jpg 300w, https:\/\/l-etoile-de-mer.com\/wp-content\/uploads\/2020\/03\/90676928_598441130740137_4981177046970400768_n-768x704.jpg 768w\" sizes=\"(max-width: 827px) 100vw, 827px\" \/><\/figure><\/div>\n","protected":false},"excerpt":{"rendered":"<p>\u00a1Los bar\u00f3metros han sido durante mucho tiempo indicadores meteorol\u00f3gicos muy buenos! Ofrecemos una amplia gama de bar\u00f3metros, indicadores de marea, relojes, term\u00f3metros, etc. todos de gran calidad y precisi\u00f3n! \u00a1Encuentra nuestros bar\u00f3metros L&rsquo;\u00c9toile de Mer en el Tranche-sur-Mer y benef\u00edciate de nuestro asesoramiento t\u00e9cnico sobre bar\u00f3metros y c\u00f3mo funcionan! \u00a1Disponible en L&rsquo;\u00c9toile de Mer en La Tranche-sur-Mer!<\/p>\n","protected":false},"author":1,"featured_media":0,"parent":0,"menu_order":0,"comment_status":"closed","ping_status":"closed","template":"","meta":[],"yoast_head":"<!-- This site is optimized with the Yoast SEO plugin v14.5 - https:\/\/yoast.com\/wordpress\/plugins\/seo\/ -->\n<title>L&#039;\u00c9toile de Mer - Su tienda de recuerdos - Bar\u00f3metros<\/title>\n<meta name=\"description\" content=\"Ofrecemos una amplia gama de bar\u00f3metros, indicadores de marea... Todos de gran calidad y precisi\u00f3n! \u00a1Encuentra nuestros bar\u00f3metros en nuestra tienda!\" \/>\n<meta name=\"robots\" content=\"index, follow\" \/>\n<meta name=\"googlebot\" content=\"index, follow, max-snippet:-1, max-image-preview:large, max-video-preview:-1\" \/>\n<meta name=\"bingbot\" content=\"index, follow, max-snippet:-1, max-image-preview:large, max-video-preview:-1\" \/>\n<link rel=\"canonical\" href=\"http:\/\/l-etoile-de-mer.com\/index.php\/es\/barometros\/\" \/>\n<meta property=\"og:locale\" content=\"fr_FR\" \/>\n<meta property=\"og:type\" content=\"article\" \/>\n<meta property=\"og:title\" content=\"L&#039;\u00c9toile de Mer - Su tienda de recuerdos - Bar\u00f3metros\" \/>\n<meta property=\"og:description\" content=\"Ofrecemos una amplia gama de bar\u00f3metros, indicadores de marea... Todos de gran calidad y precisi\u00f3n! \u00a1Encuentra nuestros bar\u00f3metros en nuestra tienda!\" \/>\n<meta property=\"og:url\" content=\"http:\/\/l-etoile-de-mer.com\/index.php\/es\/barometros\/\" \/>\n<meta property=\"article:publisher\" content=\"https:\/\/www.facebook.com\/Etoile-de-mer-1381346558799296\/?__tn__=%2cd%2cP-R&amp;amp%3bamp%3bamp%3bamp%3bamp%3bamp%3bamp%3bamp%3beid=ARDtMrGifVDxNerB2hiHZovBaikL-1lkSjlAYHgm14Uv45olgHYMRTpy7NFqDOXv_YfIi0kxa3KDiyzx\" \/>\n<meta property=\"article:modified_time\" content=\"2020-05-22T13:42:07+00:00\" \/>\n<meta property=\"og:image\" content=\"http:\/\/l-etoile-de-mer.com\/wp-content\/uploads\/2020\/03\/90676928_598441130740137_4981177046970400768_n.jpg\" \/>\n<meta name=\"twitter:card\" content=\"summary_large_image\" \/>\n<script type=\"application\/ld+json\" class=\"yoast-schema-graph\">{\"@context\":\"https:\/\/schema.org\",\"@graph\":[{\"@type\":\"Organization\",\"@id\":\"https:\/\/l-etoile-de-mer.com\/#organization\",\"name\":\"L'\\u00c9toile de Mer\",\"url\":\"https:\/\/l-etoile-de-mer.com\/\",\"sameAs\":[\"https:\/\/www.facebook.com\/Etoile-de-mer-1381346558799296\/?__tn__=,d,P-R&amp;amp;amp;amp;amp;amp;amp;amp;eid=ARDtMrGifVDxNerB2hiHZovBaikL-1lkSjlAYHgm14Uv45olgHYMRTpy7NFqDOXv_YfIi0kxa3KDiyzx\",\"https:\/\/www.instagram.com\/etoiledemer85360\/?hl=fr\"],\"logo\":{\"@type\":\"ImageObject\",\"@id\":\"https:\/\/l-etoile-de-mer.com\/#logo\",\"inLanguage\":\"fr-FR\",\"url\":\"https:\/\/l-etoile-de-mer.com\/wp-content\/uploads\/2020\/03\/etoile-sans-fond.png\",\"width\":800,\"height\":800,\"caption\":\"L'\\u00c9toile de Mer\"},\"image\":{\"@id\":\"https:\/\/l-etoile-de-mer.com\/#logo\"}},{\"@type\":\"WebSite\",\"@id\":\"https:\/\/l-etoile-de-mer.com\/#website\",\"url\":\"https:\/\/l-etoile-de-mer.com\/\",\"name\":\"\",\"description\":\"\",\"publisher\":{\"@id\":\"https:\/\/l-etoile-de-mer.com\/#organization\"},\"potentialAction\":[{\"@type\":\"SearchAction\",\"target\":\"https:\/\/l-etoile-de-mer.com\/?s={search_term_string}\",\"query-input\":\"required name=search_term_string\"}],\"inLanguage\":\"fr-FR\"},{\"@type\":\"ImageObject\",\"@id\":\"http:\/\/l-etoile-de-mer.com\/index.php\/es\/barometros\/#primaryimage\",\"inLanguage\":\"fr-FR\",\"url\":\"http:\/\/l-etoile-de-mer.com\/wp-content\/uploads\/2020\/03\/90676928_598441130740137_4981177046970400768_n.jpg\"},{\"@type\":\"WebPage\",\"@id\":\"http:\/\/l-etoile-de-mer.com\/index.php\/es\/barometros\/#webpage\",\"url\":\"http:\/\/l-etoile-de-mer.com\/index.php\/es\/barometros\/\",\"name\":\"L'\\u00c9toile de Mer - Su tienda de recuerdos - Bar\\u00f3metros\",\"isPartOf\":{\"@id\":\"https:\/\/l-etoile-de-mer.com\/#website\"},\"primaryImageOfPage\":{\"@id\":\"http:\/\/l-etoile-de-mer.com\/index.php\/es\/barometros\/#primaryimage\"},\"datePublished\":\"2020-03-22T11:32:34+00:00\",\"dateModified\":\"2020-05-22T13:42:07+00:00\",\"description\":\"Ofrecemos una amplia gama de bar\\u00f3metros, indicadores de marea... Todos de gran calidad y precisi\\u00f3n! \\u00a1Encuentra nuestros bar\\u00f3metros en nuestra tienda!\",\"inLanguage\":\"fr-FR\",\"potentialAction\":[{\"@type\":\"ReadAction\",\"target\":[\"http:\/\/l-etoile-de-mer.com\/index.php\/es\/barometros\/\"]}]}]}<\/script>\n<!-- \/ Yoast SEO plugin. -->","_links":{"self":[{"href":"https:\/\/l-etoile-de-mer.com\/index.php\/wp-json\/wp\/v2\/pages\/193"}],"collection":[{"href":"https:\/\/l-etoile-de-mer.com\/index.php\/wp-json\/wp\/v2\/pages"}],"about":[{"href":"https:\/\/l-etoile-de-mer.com\/index.php\/wp-json\/wp\/v2\/types\/page"}],"author":[{"embeddable":true,"href":"https:\/\/l-etoile-de-mer.com\/index.php\/wp-json\/wp\/v2\/users\/1"}],"replies":[{"embeddable":true,"href":"https:\/\/l-etoile-de-mer.com\/index.php\/wp-json\/wp\/v2\/comments?post=193"}],"version-history":[{"count":6,"href":"https:\/\/l-etoile-de-mer.com\/index.php\/wp-json\/wp\/v2\/pages\/193\/revisions"}],"predecessor-version":[{"id":919,"href":"https:\/\/l-etoile-de-mer.com\/index.php\/wp-json\/wp\/v2\/pages\/193\/revisions\/919"}],"wp:attachment":[{"href":"https:\/\/l-etoile-de-mer.com\/index.php\/wp-json\/wp\/v2\/media?parent=193"}],"curies":[{"name":"wp","href":"https:\/\/api.w.org\/{rel}","templated":true}]}}