{"id":203,"date":"2020-03-22T12:31:12","date_gmt":"2020-03-22T11:31:12","guid":{"rendered":"http:\/\/l-etoile-de-mer.com\/?page_id=143"},"modified":"2020-05-21T12:55:57","modified_gmt":"2020-05-21T10:55:57","slug":"regalos-recuerdos-confiterias-productos-regionales","status":"publish","type":"page","link":"https:\/\/l-etoile-de-mer.com\/index.php\/es\/regalos-recuerdos-confiterias-productos-regionales\/","title":{"rendered":"Regalos &#8211; Recuerdos &#8211; Confiter\u00eda &#8211; Productos Regionales"},"content":{"rendered":"\n<div class=\"wp-block-media-text alignwide is-stacked-on-mobile is-vertically-aligned-center\"><figure class=\"wp-block-media-text__media\"><a href=\"http:\/\/l-etoile-de-mer.com\/index.php\/es\/des-a-coser\/\"><img loading=\"lazy\" width=\"827\" height=\"347\" src=\"http:\/\/l-etoile-de-mer.com\/wp-content\/uploads\/2020\/03\/90500951_280259106320943_6653243205833719808_n.jpg\" alt=\"\" class=\"wp-image-483\" srcset=\"https:\/\/l-etoile-de-mer.com\/wp-content\/uploads\/2020\/03\/90500951_280259106320943_6653243205833719808_n.jpg 827w, https:\/\/l-etoile-de-mer.com\/wp-content\/uploads\/2020\/03\/90500951_280259106320943_6653243205833719808_n-300x126.jpg 300w, https:\/\/l-etoile-de-mer.com\/wp-content\/uploads\/2020\/03\/90500951_280259106320943_6653243205833719808_n-768x322.jpg 768w\" sizes=\"(max-width: 827px) 100vw, 827px\" \/><\/a><\/figure><div class=\"wp-block-media-text__content\">\n<p class=\"has-large-font-size\">Dedales<\/p>\n<\/div><\/div>\n\n\n\n<div class=\"wp-block-media-text alignwide has-media-on-the-right is-stacked-on-mobile\"><figure class=\"wp-block-media-text__media\"><a href=\"http:\/\/l-etoile-de-mer.com\/index.php\/es\/bolas\/\"><img loading=\"lazy\" width=\"828\" height=\"389\" src=\"http:\/\/l-etoile-de-mer.com\/wp-content\/uploads\/2020\/03\/90595663_709967686440480_3256800179306627072_n.jpg\" alt=\"\" class=\"wp-image-476\" srcset=\"https:\/\/l-etoile-de-mer.com\/wp-content\/uploads\/2020\/03\/90595663_709967686440480_3256800179306627072_n.jpg 828w, https:\/\/l-etoile-de-mer.com\/wp-content\/uploads\/2020\/03\/90595663_709967686440480_3256800179306627072_n-300x141.jpg 300w, https:\/\/l-etoile-de-mer.com\/wp-content\/uploads\/2020\/03\/90595663_709967686440480_3256800179306627072_n-768x361.jpg 768w\" sizes=\"(max-width: 828px) 100vw, 828px\" \/><\/a><\/figure><div class=\"wp-block-media-text__content\">\n<p class=\"has-text-align-center has-large-font-size\">Bolas de nieve<\/p>\n<\/div><\/div>\n\n\n\n<div class=\"wp-block-media-text alignwide is-stacked-on-mobile\"><figure class=\"wp-block-media-text__media\"><a href=\"http:\/\/l-etoile-de-mer.com\/index.php\/es\/articulos-fantasias\/\"><img loading=\"lazy\" width=\"827\" height=\"960\" src=\"http:\/\/l-etoile-de-mer.com\/wp-content\/uploads\/2020\/03\/90743346_215130873029043_5184908240835575808_n.jpg\" alt=\"\" class=\"wp-image-471\" srcset=\"https:\/\/l-etoile-de-mer.com\/wp-content\/uploads\/2020\/03\/90743346_215130873029043_5184908240835575808_n.jpg 827w, https:\/\/l-etoile-de-mer.com\/wp-content\/uploads\/2020\/03\/90743346_215130873029043_5184908240835575808_n-258x300.jpg 258w, https:\/\/l-etoile-de-mer.com\/wp-content\/uploads\/2020\/03\/90743346_215130873029043_5184908240835575808_n-768x892.jpg 768w\" sizes=\"(max-width: 827px) 100vw, 827px\" \/><\/a><\/figure><div class=\"wp-block-media-text__content\">\n<p class=\"has-text-align-center has-large-font-size\">Art\u00edculos de fantas\u00eda<\/p>\n<\/div><\/div>\n\n\n\n<div class=\"wp-block-media-text alignwide has-media-on-the-right is-stacked-on-mobile\"><figure class=\"wp-block-media-text__media\"><a href=\"http:\/\/l-etoile-de-mer.com\/index.php\/es\/barometros\/\"><img loading=\"lazy\" width=\"827\" height=\"758\" src=\"http:\/\/l-etoile-de-mer.com\/wp-content\/uploads\/2020\/03\/90676928_598441130740137_4981177046970400768_n.jpg\" alt=\"\" class=\"wp-image-473\" srcset=\"https:\/\/l-etoile-de-mer.com\/wp-content\/uploads\/2020\/03\/90676928_598441130740137_4981177046970400768_n.jpg 827w, https:\/\/l-etoile-de-mer.com\/wp-content\/uploads\/2020\/03\/90676928_598441130740137_4981177046970400768_n-300x275.jpg 300w, https:\/\/l-etoile-de-mer.com\/wp-content\/uploads\/2020\/03\/90676928_598441130740137_4981177046970400768_n-768x704.jpg 768w\" sizes=\"(max-width: 827px) 100vw, 827px\" \/><\/a><\/figure><div class=\"wp-block-media-text__content\">\n<p class=\"has-large-font-size\">Bar\u00f3metros <\/p>\n<\/div><\/div>\n\n\n\n<div class=\"wp-block-media-text alignwide is-stacked-on-mobile\"><figure class=\"wp-block-media-text__media\"><a href=\"http:\/\/l-etoile-de-mer.com\/index.php\/es\/postales\/\"><img loading=\"lazy\" width=\"498\" height=\"1024\" src=\"http:\/\/l-etoile-de-mer.com\/wp-content\/uploads\/2020\/03\/90494006_2970184053061215_403936279709876224_n-498x1024.jpg\" alt=\"\" class=\"wp-image-478\" srcset=\"https:\/\/l-etoile-de-mer.com\/wp-content\/uploads\/2020\/03\/90494006_2970184053061215_403936279709876224_n-498x1024.jpg 498w, https:\/\/l-etoile-de-mer.com\/wp-content\/uploads\/2020\/03\/90494006_2970184053061215_403936279709876224_n-146x300.jpg 146w, https:\/\/l-etoile-de-mer.com\/wp-content\/uploads\/2020\/03\/90494006_2970184053061215_403936279709876224_n.jpg 657w\" sizes=\"(max-width: 498px) 100vw, 498px\" \/><\/a><\/figure><div class=\"wp-block-media-text__content\">\n<p class=\"has-large-font-size\">Postales<\/p>\n<\/div><\/div>\n\n\n\n<div class=\"wp-block-media-text alignwide has-media-on-the-right is-stacked-on-mobile\"><figure class=\"wp-block-media-text__media\"><a href=\"http:\/\/l-etoile-de-mer.com\/index.php\/es\/ceramica-2\/\"><img loading=\"lazy\" width=\"827\" height=\"620\" src=\"http:\/\/l-etoile-de-mer.com\/wp-content\/uploads\/2020\/03\/90918042_626388101532583_2202817966532198400_n.jpg\" alt=\"\" class=\"wp-image-498\" srcset=\"https:\/\/l-etoile-de-mer.com\/wp-content\/uploads\/2020\/03\/90918042_626388101532583_2202817966532198400_n.jpg 827w, https:\/\/l-etoile-de-mer.com\/wp-content\/uploads\/2020\/03\/90918042_626388101532583_2202817966532198400_n-300x225.jpg 300w, https:\/\/l-etoile-de-mer.com\/wp-content\/uploads\/2020\/03\/90918042_626388101532583_2202817966532198400_n-768x576.jpg 768w\" sizes=\"(max-width: 827px) 100vw, 827px\" \/><\/a><\/figure><div class=\"wp-block-media-text__content\">\n<p class=\"has-large-font-size\">Cer\u00e1mica<\/p>\n<\/div><\/div>\n\n\n\n<div class=\"wp-block-media-text alignwide is-stacked-on-mobile\"><figure class=\"wp-block-media-text__media\"><a href=\"http:\/\/l-etoile-de-mer.com\/index.php\/es\/toallas\/\"><img loading=\"lazy\" width=\"827\" height=\"620\" src=\"http:\/\/l-etoile-de-mer.com\/wp-content\/uploads\/2020\/03\/90590982_218720179446430_2728582939213299712_n.jpg\" alt=\"\" class=\"wp-image-485\" srcset=\"https:\/\/l-etoile-de-mer.com\/wp-content\/uploads\/2020\/03\/90590982_218720179446430_2728582939213299712_n.jpg 827w, https:\/\/l-etoile-de-mer.com\/wp-content\/uploads\/2020\/03\/90590982_218720179446430_2728582939213299712_n-300x225.jpg 300w, https:\/\/l-etoile-de-mer.com\/wp-content\/uploads\/2020\/03\/90590982_218720179446430_2728582939213299712_n-768x576.jpg 768w\" sizes=\"(max-width: 827px) 100vw, 827px\" \/><\/a><\/figure><div class=\"wp-block-media-text__content\">\n<p class=\"has-large-font-size\">Toallas<\/p>\n<\/div><\/div>\n\n\n\n<div class=\"wp-block-media-text alignwide has-media-on-the-right is-stacked-on-mobile\"><figure class=\"wp-block-media-text__media\"><a href=\"http:\/\/l-etoile-de-mer.com\/index.php\/es\/ropa-marina\/\"><img loading=\"lazy\" width=\"827\" height=\"620\" src=\"http:\/\/l-etoile-de-mer.com\/wp-content\/uploads\/2020\/03\/90759695_215617579524216_1167914303429279744_n.jpg\" alt=\"\" class=\"wp-image-510\" srcset=\"https:\/\/l-etoile-de-mer.com\/wp-content\/uploads\/2020\/03\/90759695_215617579524216_1167914303429279744_n.jpg 827w, https:\/\/l-etoile-de-mer.com\/wp-content\/uploads\/2020\/03\/90759695_215617579524216_1167914303429279744_n-300x225.jpg 300w, https:\/\/l-etoile-de-mer.com\/wp-content\/uploads\/2020\/03\/90759695_215617579524216_1167914303429279744_n-768x576.jpg 768w\" sizes=\"(max-width: 827px) 100vw, 827px\" \/><\/a><\/figure><div class=\"wp-block-media-text__content\">\n<p class=\"has-large-font-size\">Ropa marina<\/p>\n<\/div><\/div>\n\n\n\n<div class=\"wp-block-media-text alignwide is-stacked-on-mobile\"><figure class=\"wp-block-media-text__media\"><a href=\"http:\/\/l-etoile-de-mer.com\/index.php\/es\/imanes\/\"><img loading=\"lazy\" width=\"768\" height=\"1024\" src=\"http:\/\/l-etoile-de-mer.com\/wp-content\/uploads\/2020\/03\/90752576_702001820539788_7207365807460843520_n-768x1024.jpg\" alt=\"\" class=\"wp-image-494\" srcset=\"https:\/\/l-etoile-de-mer.com\/wp-content\/uploads\/2020\/03\/90752576_702001820539788_7207365807460843520_n-768x1024.jpg 768w, https:\/\/l-etoile-de-mer.com\/wp-content\/uploads\/2020\/03\/90752576_702001820539788_7207365807460843520_n-225x300.jpg 225w, https:\/\/l-etoile-de-mer.com\/wp-content\/uploads\/2020\/03\/90752576_702001820539788_7207365807460843520_n.jpg 828w\" sizes=\"(max-width: 768px) 100vw, 768px\" \/><\/a><\/figure><div class=\"wp-block-media-text__content\">\n<p class=\"has-large-font-size\">Imanes<\/p>\n<\/div><\/div>\n\n\n\n<div class=\"wp-block-media-text alignwide has-media-on-the-right is-stacked-on-mobile\"><figure class=\"wp-block-media-text__media\"><a href=\"http:\/\/l-etoile-de-mer.com\/index.php\/es\/rondas-de-toalla\/\"><img loading=\"lazy\" width=\"827\" height=\"620\" src=\"http:\/\/l-etoile-de-mer.com\/wp-content\/uploads\/2020\/03\/90821666_661896561237549_3673988481824063488_n.jpg\" alt=\"\" class=\"wp-image-504\" srcset=\"https:\/\/l-etoile-de-mer.com\/wp-content\/uploads\/2020\/03\/90821666_661896561237549_3673988481824063488_n.jpg 827w, https:\/\/l-etoile-de-mer.com\/wp-content\/uploads\/2020\/03\/90821666_661896561237549_3673988481824063488_n-300x225.jpg 300w, https:\/\/l-etoile-de-mer.com\/wp-content\/uploads\/2020\/03\/90821666_661896561237549_3673988481824063488_n-768x576.jpg 768w\" sizes=\"(max-width: 827px) 100vw, 827px\" \/><\/a><\/figure><div class=\"wp-block-media-text__content\">\n<p class=\"has-large-font-size\">Servilleteros<\/p>\n<\/div><\/div>\n\n\n\n<div class=\"wp-block-media-text alignwide is-stacked-on-mobile\"><figure class=\"wp-block-media-text__media\"><a href=\"http:\/\/l-etoile-de-mer.com\/index.php\/es\/puertas-clave\/\"><img loading=\"lazy\" width=\"828\" height=\"852\" src=\"http:\/\/l-etoile-de-mer.com\/wp-content\/uploads\/2020\/03\/90744483_978419332553072_3761375466976444416_n.jpg\" alt=\"\" class=\"wp-image-496\" srcset=\"https:\/\/l-etoile-de-mer.com\/wp-content\/uploads\/2020\/03\/90744483_978419332553072_3761375466976444416_n.jpg 828w, https:\/\/l-etoile-de-mer.com\/wp-content\/uploads\/2020\/03\/90744483_978419332553072_3761375466976444416_n-292x300.jpg 292w, https:\/\/l-etoile-de-mer.com\/wp-content\/uploads\/2020\/03\/90744483_978419332553072_3761375466976444416_n-768x790.jpg 768w\" sizes=\"(max-width: 828px) 100vw, 828px\" \/><\/a><\/figure><div class=\"wp-block-media-text__content\">\n<p class=\"has-large-font-size\">Puertas clave<\/p>\n<\/div><\/div>\n\n\n\n<div class=\"wp-block-media-text alignwide has-media-on-the-right is-stacked-on-mobile\"><figure class=\"wp-block-media-text__media\"><a href=\"http:\/\/l-etoile-de-mer.com\/index.php\/es\/productos-region\/\"><img loading=\"lazy\" width=\"827\" height=\"620\" src=\"http:\/\/l-etoile-de-mer.com\/wp-content\/uploads\/2020\/03\/90547700_1105009366499233_6312173500601729024_n.jpg\" alt=\"\" class=\"wp-image-500\" srcset=\"https:\/\/l-etoile-de-mer.com\/wp-content\/uploads\/2020\/03\/90547700_1105009366499233_6312173500601729024_n.jpg 827w, https:\/\/l-etoile-de-mer.com\/wp-content\/uploads\/2020\/03\/90547700_1105009366499233_6312173500601729024_n-300x225.jpg 300w, https:\/\/l-etoile-de-mer.com\/wp-content\/uploads\/2020\/03\/90547700_1105009366499233_6312173500601729024_n-768x576.jpg 768w\" sizes=\"(max-width: 827px) 100vw, 827px\" \/><\/a><\/figure><div class=\"wp-block-media-text__content\">\n<p class=\"has-large-font-size\">Productos regionales<\/p>\n<\/div><\/div>\n","protected":false},"excerpt":{"rendered":"<p>Dedales Bolas de nieve Art\u00edculos de fantas\u00eda Bar\u00f3metros Postales Cer\u00e1mica Toallas Ropa marina Imanes Servilleteros Puertas clave Productos regionales<\/p>\n","protected":false},"author":1,"featured_media":0,"parent":0,"menu_order":0,"comment_status":"closed","ping_status":"closed","template":"","meta":[],"yoast_head":"<!-- This site is optimized with the Yoast SEO plugin v14.5 - https:\/\/yoast.com\/wordpress\/plugins\/seo\/ -->\n<title>Regalos - Recuerdos - Confiter\u00eda - Productos Regionales -<\/title>\n<meta name=\"robots\" content=\"index, follow\" \/>\n<meta name=\"googlebot\" content=\"index, follow, max-snippet:-1, max-image-preview:large, max-video-preview:-1\" \/>\n<meta name=\"bingbot\" content=\"index, follow, max-snippet:-1, max-image-preview:large, max-video-preview:-1\" \/>\n<link rel=\"canonical\" href=\"http:\/\/l-etoile-de-mer.com\/index.php\/es\/regalos-recuerdos-confiterias-productos-regionales\/\" \/>\n<meta property=\"og:locale\" content=\"fr_FR\" \/>\n<meta property=\"og:type\" content=\"article\" \/>\n<meta property=\"og:title\" content=\"Regalos - Recuerdos - Confiter\u00eda - Productos Regionales -\" \/>\n<meta property=\"og:description\" content=\"Dedales Bolas de nieve Art\u00edculos de fantas\u00eda Bar\u00f3metros Postales Cer\u00e1mica Toallas Ropa marina Imanes Servilleteros Puertas clave Productos regionales\" \/>\n<meta property=\"og:url\" content=\"http:\/\/l-etoile-de-mer.com\/index.php\/es\/regalos-recuerdos-confiterias-productos-regionales\/\" \/>\n<meta property=\"article:publisher\" content=\"https:\/\/www.facebook.com\/Etoile-de-mer-1381346558799296\/?__tn__=%2cd%2cP-R&amp;amp%3bamp%3bamp%3bamp%3bamp%3bamp%3bamp%3bamp%3beid=ARDtMrGifVDxNerB2hiHZovBaikL-1lkSjlAYHgm14Uv45olgHYMRTpy7NFqDOXv_YfIi0kxa3KDiyzx\" \/>\n<meta property=\"article:modified_time\" content=\"2020-05-21T10:55:57+00:00\" \/>\n<meta property=\"og:image\" content=\"http:\/\/l-etoile-de-mer.com\/wp-content\/uploads\/2020\/03\/90500951_280259106320943_6653243205833719808_n.jpg\" \/>\n<meta name=\"twitter:card\" content=\"summary_large_image\" \/>\n<script type=\"application\/ld+json\" class=\"yoast-schema-graph\">{\"@context\":\"https:\/\/schema.org\",\"@graph\":[{\"@type\":\"Organization\",\"@id\":\"https:\/\/l-etoile-de-mer.com\/#organization\",\"name\":\"L'\\u00c9toile de Mer\",\"url\":\"https:\/\/l-etoile-de-mer.com\/\",\"sameAs\":[\"https:\/\/www.facebook.com\/Etoile-de-mer-1381346558799296\/?__tn__=,d,P-R&amp;amp;amp;amp;amp;amp;amp;amp;eid=ARDtMrGifVDxNerB2hiHZovBaikL-1lkSjlAYHgm14Uv45olgHYMRTpy7NFqDOXv_YfIi0kxa3KDiyzx\",\"https:\/\/www.instagram.com\/etoiledemer85360\/?hl=fr\"],\"logo\":{\"@type\":\"ImageObject\",\"@id\":\"https:\/\/l-etoile-de-mer.com\/#logo\",\"inLanguage\":\"fr-FR\",\"url\":\"https:\/\/l-etoile-de-mer.com\/wp-content\/uploads\/2020\/03\/etoile-sans-fond.png\",\"width\":800,\"height\":800,\"caption\":\"L'\\u00c9toile de Mer\"},\"image\":{\"@id\":\"https:\/\/l-etoile-de-mer.com\/#logo\"}},{\"@type\":\"WebSite\",\"@id\":\"https:\/\/l-etoile-de-mer.com\/#website\",\"url\":\"https:\/\/l-etoile-de-mer.com\/\",\"name\":\"\",\"description\":\"\",\"publisher\":{\"@id\":\"https:\/\/l-etoile-de-mer.com\/#organization\"},\"potentialAction\":[{\"@type\":\"SearchAction\",\"target\":\"https:\/\/l-etoile-de-mer.com\/?s={search_term_string}\",\"query-input\":\"required name=search_term_string\"}],\"inLanguage\":\"fr-FR\"},{\"@type\":\"ImageObject\",\"@id\":\"http:\/\/l-etoile-de-mer.com\/index.php\/es\/regalos-recuerdos-confiterias-productos-regionales\/#primaryimage\",\"inLanguage\":\"fr-FR\",\"url\":\"http:\/\/l-etoile-de-mer.com\/wp-content\/uploads\/2020\/03\/90500951_280259106320943_6653243205833719808_n.jpg\"},{\"@type\":\"WebPage\",\"@id\":\"http:\/\/l-etoile-de-mer.com\/index.php\/es\/regalos-recuerdos-confiterias-productos-regionales\/#webpage\",\"url\":\"http:\/\/l-etoile-de-mer.com\/index.php\/es\/regalos-recuerdos-confiterias-productos-regionales\/\",\"name\":\"Regalos - Recuerdos - Confiter\\u00eda - Productos Regionales -\",\"isPartOf\":{\"@id\":\"https:\/\/l-etoile-de-mer.com\/#website\"},\"primaryImageOfPage\":{\"@id\":\"http:\/\/l-etoile-de-mer.com\/index.php\/es\/regalos-recuerdos-confiterias-productos-regionales\/#primaryimage\"},\"datePublished\":\"2020-03-22T11:31:12+00:00\",\"dateModified\":\"2020-05-21T10:55:57+00:00\",\"inLanguage\":\"fr-FR\",\"potentialAction\":[{\"@type\":\"ReadAction\",\"target\":[\"http:\/\/l-etoile-de-mer.com\/index.php\/es\/regalos-recuerdos-confiterias-productos-regionales\/\"]}]}]}<\/script>\n<!-- \/ Yoast SEO plugin. -->","_links":{"self":[{"href":"https:\/\/l-etoile-de-mer.com\/index.php\/wp-json\/wp\/v2\/pages\/203"}],"collection":[{"href":"https:\/\/l-etoile-de-mer.com\/index.php\/wp-json\/wp\/v2\/pages"}],"about":[{"href":"https:\/\/l-etoile-de-mer.com\/index.php\/wp-json\/wp\/v2\/types\/page"}],"author":[{"embeddable":true,"href":"https:\/\/l-etoile-de-mer.com\/index.php\/wp-json\/wp\/v2\/users\/1"}],"replies":[{"embeddable":true,"href":"https:\/\/l-etoile-de-mer.com\/index.php\/wp-json\/wp\/v2\/comments?post=203"}],"version-history":[{"count":3,"href":"https:\/\/l-etoile-de-mer.com\/index.php\/wp-json\/wp\/v2\/pages\/203\/revisions"}],"predecessor-version":[{"id":980,"href":"https:\/\/l-etoile-de-mer.com\/index.php\/wp-json\/wp\/v2\/pages\/203\/revisions\/980"}],"wp:attachment":[{"href":"https:\/\/l-etoile-de-mer.com\/index.php\/wp-json\/wp\/v2\/media?parent=203"}],"curies":[{"name":"wp","href":"https:\/\/api.w.org\/{rel}","templated":true}]}}