{"id":259,"date":"2020-03-22T12:33:45","date_gmt":"2020-03-22T11:33:45","guid":{"rendered":"http:\/\/l-etoile-de-mer.com\/?page_id=167"},"modified":"2020-05-22T20:02:18","modified_gmt":"2020-05-22T18:02:18","slug":"ropa-marina","status":"publish","type":"page","link":"https:\/\/l-etoile-de-mer.com\/index.php\/es\/ropa-marina\/","title":{"rendered":"Ropa marina"},"content":{"rendered":"\n<p class=\"has-text-align-center\">Ropa de mar, departamento de visita obligada en nuestra tienda, idea de regalo perfecta o recuerdos de sus vacaciones. Encuentre nuestra sastrer\u00eda de calidad a precios asequibles en la tienda para complacerle. Para ni\u00f1os (de 3 meses a 14 a\u00f1os.) y adultos (de XS a XXL.), hay todo lo que buscas en nuestro departamento de ropa marina. Con nuestras colecciones de hombres, chicos y mujeres y chicas que consisten en: su\u00e9teres, sudaderas, camisetas, vestido, ceras de mar! Encontrar\u00e1s lo que necesitas! Nuestro equipo le aconsejar\u00e1 que le ayude en sus elecciones y haga que sus visitas en la tienda sean lo m\u00e1s agradables posible. <\/p>\n\n\n\n<p class=\"has-text-align-center\">\u00a1Disponible en L&rsquo;\u00c9toile de Mer en La Tranche-sur-Mer!<\/p>\n\n\n\n<figure class=\"wp-block-gallery aligncenter columns-2 is-cropped\"><ul class=\"blocks-gallery-grid\"><li class=\"blocks-gallery-item\"><figure><img loading=\"lazy\" width=\"768\" height=\"1024\" src=\"http:\/\/l-etoile-de-mer.com\/wp-content\/uploads\/2020\/03\/90606962_502018843800791_8817157745145806848_n-768x1024.jpg\" alt=\"\" data-id=\"509\" data-link=\"http:\/\/l-etoile-de-mer.com\/index.php\/vetements-marins\/90606962_502018843800791_8817157745145806848_n\/\" class=\"wp-image-509\" srcset=\"https:\/\/l-etoile-de-mer.com\/wp-content\/uploads\/2020\/03\/90606962_502018843800791_8817157745145806848_n-768x1024.jpg 768w, https:\/\/l-etoile-de-mer.com\/wp-content\/uploads\/2020\/03\/90606962_502018843800791_8817157745145806848_n-225x300.jpg 225w, https:\/\/l-etoile-de-mer.com\/wp-content\/uploads\/2020\/03\/90606962_502018843800791_8817157745145806848_n.jpg 828w\" sizes=\"(max-width: 768px) 100vw, 768px\" \/><\/figure><\/li><li class=\"blocks-gallery-item\"><figure><img loading=\"lazy\" width=\"827\" height=\"620\" src=\"http:\/\/l-etoile-de-mer.com\/wp-content\/uploads\/2020\/03\/90759695_215617579524216_1167914303429279744_n.jpg\" alt=\"\" data-id=\"510\" data-link=\"http:\/\/l-etoile-de-mer.com\/index.php\/vetements-marins\/90759695_215617579524216_1167914303429279744_n\/\" class=\"wp-image-510\" srcset=\"https:\/\/l-etoile-de-mer.com\/wp-content\/uploads\/2020\/03\/90759695_215617579524216_1167914303429279744_n.jpg 827w, https:\/\/l-etoile-de-mer.com\/wp-content\/uploads\/2020\/03\/90759695_215617579524216_1167914303429279744_n-300x225.jpg 300w, https:\/\/l-etoile-de-mer.com\/wp-content\/uploads\/2020\/03\/90759695_215617579524216_1167914303429279744_n-768x576.jpg 768w\" sizes=\"(max-width: 827px) 100vw, 827px\" \/><\/figure><\/li><\/ul><\/figure>\n","protected":false},"excerpt":{"rendered":"<p>Ropa de mar, departamento de visita obligada en nuestra tienda, idea de regalo perfecta o recuerdos de sus vacaciones. Encuentre nuestra sastrer\u00eda de calidad a precios asequibles en la tienda para complacerle. Para ni\u00f1os (de 3 meses a 14 a\u00f1os.) y adultos (de XS a XXL.), hay todo lo que buscas en nuestro departamento de ropa marina. Con nuestras colecciones de hombres, chicos y mujeres y chicas que consisten en: su\u00e9teres, sudaderas, camisetas, vestido, ceras de mar! Encontrar\u00e1s lo que necesitas! Nuestro equipo le aconsejar\u00e1 que le ayude en sus elecciones y haga que sus visitas en la tienda sean lo m\u00e1s agradables posible. \u00a1Disponible en L&rsquo;\u00c9toile de Mer en La Tranche-sur-Mer!<\/p>\n","protected":false},"author":1,"featured_media":0,"parent":0,"menu_order":0,"comment_status":"closed","ping_status":"closed","template":"","meta":[],"yoast_head":"<!-- This site is optimized with the Yoast SEO plugin v14.5 - https:\/\/yoast.com\/wordpress\/plugins\/seo\/ -->\n<title>L&#039;\u00c9toile de Mer - Su tienda de recuerdos - Ropa marina<\/title>\n<meta name=\"description\" content=\"Las ropas de mar, departamento de visita obligada en nuestra tienda, idea de regalo perfecta o recuerdos de sus vacaciones.\" \/>\n<meta name=\"robots\" content=\"index, follow\" \/>\n<meta name=\"googlebot\" content=\"index, follow, max-snippet:-1, max-image-preview:large, max-video-preview:-1\" \/>\n<meta name=\"bingbot\" content=\"index, follow, max-snippet:-1, max-image-preview:large, max-video-preview:-1\" \/>\n<link rel=\"canonical\" href=\"http:\/\/l-etoile-de-mer.com\/index.php\/es\/ropa-marina\/\" \/>\n<meta property=\"og:locale\" content=\"fr_FR\" \/>\n<meta property=\"og:type\" content=\"article\" \/>\n<meta property=\"og:title\" content=\"L&#039;\u00c9toile de Mer - Su tienda de recuerdos - Ropa marina\" \/>\n<meta property=\"og:description\" content=\"Las ropas de mar, departamento de visita obligada en nuestra tienda, idea de regalo perfecta o recuerdos de sus vacaciones.\" \/>\n<meta property=\"og:url\" content=\"http:\/\/l-etoile-de-mer.com\/index.php\/es\/ropa-marina\/\" \/>\n<meta property=\"article:publisher\" content=\"https:\/\/www.facebook.com\/Etoile-de-mer-1381346558799296\/?__tn__=%2cd%2cP-R&amp;amp%3bamp%3bamp%3bamp%3bamp%3bamp%3bamp%3bamp%3beid=ARDtMrGifVDxNerB2hiHZovBaikL-1lkSjlAYHgm14Uv45olgHYMRTpy7NFqDOXv_YfIi0kxa3KDiyzx\" \/>\n<meta property=\"article:modified_time\" content=\"2020-05-22T18:02:18+00:00\" \/>\n<meta property=\"og:image\" content=\"http:\/\/l-etoile-de-mer.com\/wp-content\/uploads\/2020\/03\/90606962_502018843800791_8817157745145806848_n-768x1024.jpg\" \/>\n<meta name=\"twitter:card\" content=\"summary_large_image\" \/>\n<script type=\"application\/ld+json\" class=\"yoast-schema-graph\">{\"@context\":\"https:\/\/schema.org\",\"@graph\":[{\"@type\":\"Organization\",\"@id\":\"https:\/\/l-etoile-de-mer.com\/#organization\",\"name\":\"L'\\u00c9toile de Mer\",\"url\":\"https:\/\/l-etoile-de-mer.com\/\",\"sameAs\":[\"https:\/\/www.facebook.com\/Etoile-de-mer-1381346558799296\/?__tn__=,d,P-R&amp;amp;amp;amp;amp;amp;amp;amp;eid=ARDtMrGifVDxNerB2hiHZovBaikL-1lkSjlAYHgm14Uv45olgHYMRTpy7NFqDOXv_YfIi0kxa3KDiyzx\",\"https:\/\/www.instagram.com\/etoiledemer85360\/?hl=fr\"],\"logo\":{\"@type\":\"ImageObject\",\"@id\":\"https:\/\/l-etoile-de-mer.com\/#logo\",\"inLanguage\":\"fr-FR\",\"url\":\"https:\/\/l-etoile-de-mer.com\/wp-content\/uploads\/2020\/03\/etoile-sans-fond.png\",\"width\":800,\"height\":800,\"caption\":\"L'\\u00c9toile de Mer\"},\"image\":{\"@id\":\"https:\/\/l-etoile-de-mer.com\/#logo\"}},{\"@type\":\"WebSite\",\"@id\":\"https:\/\/l-etoile-de-mer.com\/#website\",\"url\":\"https:\/\/l-etoile-de-mer.com\/\",\"name\":\"\",\"description\":\"\",\"publisher\":{\"@id\":\"https:\/\/l-etoile-de-mer.com\/#organization\"},\"potentialAction\":[{\"@type\":\"SearchAction\",\"target\":\"https:\/\/l-etoile-de-mer.com\/?s={search_term_string}\",\"query-input\":\"required name=search_term_string\"}],\"inLanguage\":\"fr-FR\"},{\"@type\":\"ImageObject\",\"@id\":\"http:\/\/l-etoile-de-mer.com\/index.php\/es\/ropa-marina\/#primaryimage\",\"inLanguage\":\"fr-FR\",\"url\":\"http:\/\/l-etoile-de-mer.com\/wp-content\/uploads\/2020\/03\/90606962_502018843800791_8817157745145806848_n-768x1024.jpg\"},{\"@type\":\"WebPage\",\"@id\":\"http:\/\/l-etoile-de-mer.com\/index.php\/es\/ropa-marina\/#webpage\",\"url\":\"http:\/\/l-etoile-de-mer.com\/index.php\/es\/ropa-marina\/\",\"name\":\"L'\\u00c9toile de Mer - Su tienda de recuerdos - Ropa marina\",\"isPartOf\":{\"@id\":\"https:\/\/l-etoile-de-mer.com\/#website\"},\"primaryImageOfPage\":{\"@id\":\"http:\/\/l-etoile-de-mer.com\/index.php\/es\/ropa-marina\/#primaryimage\"},\"datePublished\":\"2020-03-22T11:33:45+00:00\",\"dateModified\":\"2020-05-22T18:02:18+00:00\",\"description\":\"Las ropas de mar, departamento de visita obligada en nuestra tienda, idea de regalo perfecta o recuerdos de sus vacaciones.\",\"inLanguage\":\"fr-FR\",\"potentialAction\":[{\"@type\":\"ReadAction\",\"target\":[\"http:\/\/l-etoile-de-mer.com\/index.php\/es\/ropa-marina\/\"]}]}]}<\/script>\n<!-- \/ Yoast SEO plugin. -->","_links":{"self":[{"href":"https:\/\/l-etoile-de-mer.com\/index.php\/wp-json\/wp\/v2\/pages\/259"}],"collection":[{"href":"https:\/\/l-etoile-de-mer.com\/index.php\/wp-json\/wp\/v2\/pages"}],"about":[{"href":"https:\/\/l-etoile-de-mer.com\/index.php\/wp-json\/wp\/v2\/types\/page"}],"author":[{"embeddable":true,"href":"https:\/\/l-etoile-de-mer.com\/index.php\/wp-json\/wp\/v2\/users\/1"}],"replies":[{"embeddable":true,"href":"https:\/\/l-etoile-de-mer.com\/index.php\/wp-json\/wp\/v2\/comments?post=259"}],"version-history":[{"count":7,"href":"https:\/\/l-etoile-de-mer.com\/index.php\/wp-json\/wp\/v2\/pages\/259\/revisions"}],"predecessor-version":[{"id":1010,"href":"https:\/\/l-etoile-de-mer.com\/index.php\/wp-json\/wp\/v2\/pages\/259\/revisions\/1010"}],"wp:attachment":[{"href":"https:\/\/l-etoile-de-mer.com\/index.php\/wp-json\/wp\/v2\/media?parent=259"}],"curies":[{"name":"wp","href":"https:\/\/api.w.org\/{rel}","templated":true}]}}