{"id":324,"date":"2020-03-22T21:59:14","date_gmt":"2020-03-22T20:59:14","guid":{"rendered":"http:\/\/l-etoile-de-mer.com\/?page_id=324"},"modified":"2020-05-22T19:27:18","modified_gmt":"2020-05-22T17:27:18","slug":"magnets","status":"publish","type":"page","link":"https:\/\/l-etoile-de-mer.com\/index.php\/magnets\/","title":{"rendered":"Magnets"},"content":{"rendered":"\n<p class=\"has-text-align-center\">Besoin d&rsquo;un cadeau ou d&rsquo;un souvenir? Et pourquoi pas choisir un magnet! Les magnets font partie des souvenirs \u00e0 ramener de vos vacances alors profitez-en! \u00c0 la boutique nous vous proposons plusieurs types de magnets comme des plats ou ceux en relief et avec plusieurs d\u00e9cors disponibles. (La Tranche sur Mer, la Vend\u00e9e, la Rochelle, Fort Boyard&#8230;). Nos diff\u00e9rents magnets sont des produits de qualit\u00e9 et \u00e0 des prix corrects. Venez donc en magasin o\u00f9 vous pourrez choisir les magnets que vous offrirez \u00e0 vos proches ou bien que vous ram\u00e8nerez de vos vacances. <\/p>\n\n\n\n<p class=\"has-text-align-center\">Disponible \u00e0 L&rsquo;\u00c9toile de Mer \u00e0 La Tranche-sur-Mer!<\/p>\n\n\n\n<div class=\"wp-block-image\"><figure class=\"aligncenter\"><img loading=\"lazy\" width=\"768\" height=\"1024\" src=\"http:\/\/l-etoile-de-mer.com\/wp-content\/uploads\/2020\/03\/90752576_702001820539788_7207365807460843520_n-768x1024.jpg\" alt=\"\" class=\"wp-image-494\" srcset=\"https:\/\/l-etoile-de-mer.com\/wp-content\/uploads\/2020\/03\/90752576_702001820539788_7207365807460843520_n-768x1024.jpg 768w, https:\/\/l-etoile-de-mer.com\/wp-content\/uploads\/2020\/03\/90752576_702001820539788_7207365807460843520_n-225x300.jpg 225w, https:\/\/l-etoile-de-mer.com\/wp-content\/uploads\/2020\/03\/90752576_702001820539788_7207365807460843520_n.jpg 828w\" sizes=\"(max-width: 768px) 100vw, 768px\" \/><\/figure><\/div>\n","protected":false},"excerpt":{"rendered":"<p>Besoin d&rsquo;un cadeau ou d&rsquo;un souvenir? Et pourquoi pas choisir un magnet! Les magnets font partie des souvenirs \u00e0 ramener de vos vacances alors profitez-en! \u00c0 la boutique nous vous proposons plusieurs types de magnets comme des plats ou ceux en relief et avec plusieurs d\u00e9cors disponibles. (La Tranche sur Mer, la Vend\u00e9e, la Rochelle, Fort Boyard&#8230;). Nos diff\u00e9rents magnets sont des produits de qualit\u00e9 et \u00e0 des prix corrects. Venez donc en magasin o\u00f9 vous pourrez choisir les magnets que vous offrirez \u00e0 vos proches ou bien que vous ram\u00e8nerez de vos vacances. Disponible \u00e0 L&rsquo;\u00c9toile de Mer \u00e0 La Tranche-sur-Mer!<\/p>\n","protected":false},"author":1,"featured_media":0,"parent":0,"menu_order":0,"comment_status":"closed","ping_status":"closed","template":"","meta":[],"yoast_head":"<!-- This site is optimized with the Yoast SEO plugin v14.5 - https:\/\/yoast.com\/wordpress\/plugins\/seo\/ -->\n<title>L&#039;\u00c9toile de Mer - Votre magasin de souvenirs - Magnets<\/title>\n<meta name=\"description\" content=\"Besoin d&#039;un cadeau ou d&#039;un souvenir? Et pourquoi pas choisir un magnet! Les magnets font partie des souvenirs \u00e0 ramener de vos vacances alors profitez-en!\" \/>\n<meta name=\"robots\" content=\"index, follow\" \/>\n<meta name=\"googlebot\" content=\"index, follow, max-snippet:-1, max-image-preview:large, max-video-preview:-1\" \/>\n<meta name=\"bingbot\" content=\"index, follow, max-snippet:-1, max-image-preview:large, max-video-preview:-1\" \/>\n<link rel=\"canonical\" href=\"http:\/\/l-etoile-de-mer.com\/index.php\/magnets\/\" \/>\n<meta property=\"og:locale\" content=\"fr_FR\" \/>\n<meta property=\"og:type\" content=\"article\" \/>\n<meta property=\"og:title\" content=\"L&#039;\u00c9toile de Mer - Votre magasin de souvenirs - Magnets\" \/>\n<meta property=\"og:description\" content=\"Besoin d&#039;un cadeau ou d&#039;un souvenir? Et pourquoi pas choisir un magnet! Les magnets font partie des souvenirs \u00e0 ramener de vos vacances alors profitez-en!\" \/>\n<meta property=\"og:url\" content=\"http:\/\/l-etoile-de-mer.com\/index.php\/magnets\/\" \/>\n<meta property=\"article:publisher\" content=\"https:\/\/www.facebook.com\/Etoile-de-mer-1381346558799296\/?__tn__=%2cd%2cP-R&amp;amp%3bamp%3bamp%3bamp%3bamp%3bamp%3bamp%3bamp%3beid=ARDtMrGifVDxNerB2hiHZovBaikL-1lkSjlAYHgm14Uv45olgHYMRTpy7NFqDOXv_YfIi0kxa3KDiyzx\" \/>\n<meta property=\"article:modified_time\" content=\"2020-05-22T17:27:18+00:00\" \/>\n<meta property=\"og:image\" content=\"http:\/\/l-etoile-de-mer.com\/wp-content\/uploads\/2020\/03\/90752576_702001820539788_7207365807460843520_n-768x1024.jpg\" \/>\n<meta name=\"twitter:card\" content=\"summary_large_image\" \/>\n<script type=\"application\/ld+json\" class=\"yoast-schema-graph\">{\"@context\":\"https:\/\/schema.org\",\"@graph\":[{\"@type\":\"Organization\",\"@id\":\"https:\/\/l-etoile-de-mer.com\/#organization\",\"name\":\"L'\\u00c9toile de Mer\",\"url\":\"https:\/\/l-etoile-de-mer.com\/\",\"sameAs\":[\"https:\/\/www.facebook.com\/Etoile-de-mer-1381346558799296\/?__tn__=,d,P-R&amp;amp;amp;amp;amp;amp;amp;amp;eid=ARDtMrGifVDxNerB2hiHZovBaikL-1lkSjlAYHgm14Uv45olgHYMRTpy7NFqDOXv_YfIi0kxa3KDiyzx\",\"https:\/\/www.instagram.com\/etoiledemer85360\/?hl=fr\"],\"logo\":{\"@type\":\"ImageObject\",\"@id\":\"https:\/\/l-etoile-de-mer.com\/#logo\",\"inLanguage\":\"fr-FR\",\"url\":\"https:\/\/l-etoile-de-mer.com\/wp-content\/uploads\/2020\/03\/etoile-sans-fond.png\",\"width\":800,\"height\":800,\"caption\":\"L'\\u00c9toile de Mer\"},\"image\":{\"@id\":\"https:\/\/l-etoile-de-mer.com\/#logo\"}},{\"@type\":\"WebSite\",\"@id\":\"https:\/\/l-etoile-de-mer.com\/#website\",\"url\":\"https:\/\/l-etoile-de-mer.com\/\",\"name\":\"\",\"description\":\"\",\"publisher\":{\"@id\":\"https:\/\/l-etoile-de-mer.com\/#organization\"},\"potentialAction\":[{\"@type\":\"SearchAction\",\"target\":\"https:\/\/l-etoile-de-mer.com\/?s={search_term_string}\",\"query-input\":\"required name=search_term_string\"}],\"inLanguage\":\"fr-FR\"},{\"@type\":\"ImageObject\",\"@id\":\"http:\/\/l-etoile-de-mer.com\/index.php\/magnets\/#primaryimage\",\"inLanguage\":\"fr-FR\",\"url\":\"http:\/\/l-etoile-de-mer.com\/wp-content\/uploads\/2020\/03\/90752576_702001820539788_7207365807460843520_n-768x1024.jpg\"},{\"@type\":\"WebPage\",\"@id\":\"http:\/\/l-etoile-de-mer.com\/index.php\/magnets\/#webpage\",\"url\":\"http:\/\/l-etoile-de-mer.com\/index.php\/magnets\/\",\"name\":\"L'\\u00c9toile de Mer - Votre magasin de souvenirs - Magnets\",\"isPartOf\":{\"@id\":\"https:\/\/l-etoile-de-mer.com\/#website\"},\"primaryImageOfPage\":{\"@id\":\"http:\/\/l-etoile-de-mer.com\/index.php\/magnets\/#primaryimage\"},\"datePublished\":\"2020-03-22T20:59:14+00:00\",\"dateModified\":\"2020-05-22T17:27:18+00:00\",\"description\":\"Besoin d'un cadeau ou d'un souvenir? Et pourquoi pas choisir un magnet! Les magnets font partie des souvenirs \\u00e0 ramener de vos vacances alors profitez-en!\",\"inLanguage\":\"fr-FR\",\"potentialAction\":[{\"@type\":\"ReadAction\",\"target\":[\"http:\/\/l-etoile-de-mer.com\/index.php\/magnets\/\"]}]}]}<\/script>\n<!-- \/ Yoast SEO plugin. -->","_links":{"self":[{"href":"https:\/\/l-etoile-de-mer.com\/index.php\/wp-json\/wp\/v2\/pages\/324"}],"collection":[{"href":"https:\/\/l-etoile-de-mer.com\/index.php\/wp-json\/wp\/v2\/pages"}],"about":[{"href":"https:\/\/l-etoile-de-mer.com\/index.php\/wp-json\/wp\/v2\/types\/page"}],"author":[{"embeddable":true,"href":"https:\/\/l-etoile-de-mer.com\/index.php\/wp-json\/wp\/v2\/users\/1"}],"replies":[{"embeddable":true,"href":"https:\/\/l-etoile-de-mer.com\/index.php\/wp-json\/wp\/v2\/comments?post=324"}],"version-history":[{"count":8,"href":"https:\/\/l-etoile-de-mer.com\/index.php\/wp-json\/wp\/v2\/pages\/324\/revisions"}],"predecessor-version":[{"id":962,"href":"https:\/\/l-etoile-de-mer.com\/index.php\/wp-json\/wp\/v2\/pages\/324\/revisions\/962"}],"wp:attachment":[{"href":"https:\/\/l-etoile-de-mer.com\/index.php\/wp-json\/wp\/v2\/media?parent=324"}],"curies":[{"name":"wp","href":"https:\/\/api.w.org\/{rel}","templated":true}]}}