{"id":341,"date":"2020-03-23T10:47:30","date_gmt":"2020-03-23T09:47:30","guid":{"rendered":"http:\/\/l-etoile-de-mer.com\/?page_id=331"},"modified":"2020-05-22T15:31:16","modified_gmt":"2020-05-22T13:31:16","slug":"accesorios-de-playa","status":"publish","type":"page","link":"https:\/\/l-etoile-de-mer.com\/index.php\/es\/accesorios-de-playa\/","title":{"rendered":"Accesorios de playa"},"content":{"rendered":"\n<p class=\"has-text-align-center\">\u00a1En nuestro departamento de accesorios de playa encontrar\u00e1s algo para disfrutar de tus vacaciones! En nuestra tienda ofrecemos una amplia gama de productos de playa. Como los cubos, las palas, las raquetas de nieve de playa y los frisbees. \u00a1Los art\u00edculos esenciales de playa est\u00e1n disponibles en las tiendas! Tambi\u00e9n disponemos de una amplia selecci\u00f3n de balones para j\u00f3venes y mayores. (f\u00fatbol playa, voley playa, f\u00fatbol, rugby, etc.)<\/p>\n\n\n\n<p class=\"has-text-align-center\">\u00a1Disponible en L&rsquo;\u00c9toile de Mer en La Tranche-sur-Mer!<br><\/p>\n\n\n\n<div class=\"wp-block-image\"><figure class=\"aligncenter\"><img loading=\"lazy\" width=\"821\" height=\"1024\" src=\"http:\/\/l-etoile-de-mer.com\/wp-content\/uploads\/2020\/03\/90672744_139506104165476_3042663791511732224_n-821x1024.jpg\" alt=\"\" class=\"wp-image-466\" srcset=\"https:\/\/l-etoile-de-mer.com\/wp-content\/uploads\/2020\/03\/90672744_139506104165476_3042663791511732224_n-821x1024.jpg 821w, https:\/\/l-etoile-de-mer.com\/wp-content\/uploads\/2020\/03\/90672744_139506104165476_3042663791511732224_n-240x300.jpg 240w, https:\/\/l-etoile-de-mer.com\/wp-content\/uploads\/2020\/03\/90672744_139506104165476_3042663791511732224_n-768x958.jpg 768w, https:\/\/l-etoile-de-mer.com\/wp-content\/uploads\/2020\/03\/90672744_139506104165476_3042663791511732224_n.jpg 827w\" sizes=\"(max-width: 821px) 100vw, 821px\" \/><\/figure><\/div>\n","protected":false},"excerpt":{"rendered":"<p>\u00a1En nuestro departamento de accesorios de playa encontrar\u00e1s algo para disfrutar de tus vacaciones! En nuestra tienda ofrecemos una amplia gama de productos de playa. Como los cubos, las palas, las raquetas de nieve de playa y los frisbees. \u00a1Los art\u00edculos esenciales de playa est\u00e1n disponibles en las tiendas! Tambi\u00e9n disponemos de una amplia selecci\u00f3n de balones para j\u00f3venes y mayores. (f\u00fatbol playa, voley playa, f\u00fatbol, rugby, etc.) \u00a1Disponible en L&rsquo;\u00c9toile de Mer en La Tranche-sur-Mer!<\/p>\n","protected":false},"author":1,"featured_media":0,"parent":0,"menu_order":0,"comment_status":"closed","ping_status":"closed","template":"","meta":[],"yoast_head":"<!-- This site is optimized with the Yoast SEO plugin v14.5 - https:\/\/yoast.com\/wordpress\/plugins\/seo\/ -->\n<title>L&#039;\u00c9toile de Mer - Su tienda de recuerdos - Accesorios de playa<\/title>\n<meta name=\"description\" content=\"Accesorios de playa - \u00a1En nuestro departamento de accesorios de playa encontrar\u00e1 diversi\u00f3n y entretenimiento durante sus vacaciones!\" \/>\n<meta name=\"robots\" content=\"index, follow\" \/>\n<meta name=\"googlebot\" content=\"index, follow, max-snippet:-1, max-image-preview:large, max-video-preview:-1\" \/>\n<meta name=\"bingbot\" content=\"index, follow, max-snippet:-1, max-image-preview:large, max-video-preview:-1\" \/>\n<link rel=\"canonical\" href=\"http:\/\/l-etoile-de-mer.com\/index.php\/es\/accesorios-de-playa\/\" \/>\n<meta property=\"og:locale\" content=\"fr_FR\" \/>\n<meta property=\"og:type\" content=\"article\" \/>\n<meta property=\"og:title\" content=\"L&#039;\u00c9toile de Mer - Su tienda de recuerdos - Accesorios de playa\" \/>\n<meta property=\"og:description\" content=\"Accesorios de playa - \u00a1En nuestro departamento de accesorios de playa encontrar\u00e1 diversi\u00f3n y entretenimiento durante sus vacaciones!\" \/>\n<meta property=\"og:url\" content=\"http:\/\/l-etoile-de-mer.com\/index.php\/es\/accesorios-de-playa\/\" \/>\n<meta property=\"article:publisher\" content=\"https:\/\/www.facebook.com\/Etoile-de-mer-1381346558799296\/?__tn__=%2cd%2cP-R&amp;amp%3bamp%3bamp%3bamp%3bamp%3bamp%3bamp%3bamp%3beid=ARDtMrGifVDxNerB2hiHZovBaikL-1lkSjlAYHgm14Uv45olgHYMRTpy7NFqDOXv_YfIi0kxa3KDiyzx\" \/>\n<meta property=\"article:modified_time\" content=\"2020-05-22T13:31:16+00:00\" \/>\n<meta property=\"og:image\" content=\"http:\/\/l-etoile-de-mer.com\/wp-content\/uploads\/2020\/03\/90672744_139506104165476_3042663791511732224_n-821x1024.jpg\" \/>\n<meta name=\"twitter:card\" content=\"summary_large_image\" \/>\n<script type=\"application\/ld+json\" class=\"yoast-schema-graph\">{\"@context\":\"https:\/\/schema.org\",\"@graph\":[{\"@type\":\"Organization\",\"@id\":\"https:\/\/l-etoile-de-mer.com\/#organization\",\"name\":\"L'\\u00c9toile de Mer\",\"url\":\"https:\/\/l-etoile-de-mer.com\/\",\"sameAs\":[\"https:\/\/www.facebook.com\/Etoile-de-mer-1381346558799296\/?__tn__=,d,P-R&amp;amp;amp;amp;amp;amp;amp;amp;eid=ARDtMrGifVDxNerB2hiHZovBaikL-1lkSjlAYHgm14Uv45olgHYMRTpy7NFqDOXv_YfIi0kxa3KDiyzx\",\"https:\/\/www.instagram.com\/etoiledemer85360\/?hl=fr\"],\"logo\":{\"@type\":\"ImageObject\",\"@id\":\"https:\/\/l-etoile-de-mer.com\/#logo\",\"inLanguage\":\"fr-FR\",\"url\":\"https:\/\/l-etoile-de-mer.com\/wp-content\/uploads\/2020\/03\/etoile-sans-fond.png\",\"width\":800,\"height\":800,\"caption\":\"L'\\u00c9toile de Mer\"},\"image\":{\"@id\":\"https:\/\/l-etoile-de-mer.com\/#logo\"}},{\"@type\":\"WebSite\",\"@id\":\"https:\/\/l-etoile-de-mer.com\/#website\",\"url\":\"https:\/\/l-etoile-de-mer.com\/\",\"name\":\"\",\"description\":\"\",\"publisher\":{\"@id\":\"https:\/\/l-etoile-de-mer.com\/#organization\"},\"potentialAction\":[{\"@type\":\"SearchAction\",\"target\":\"https:\/\/l-etoile-de-mer.com\/?s={search_term_string}\",\"query-input\":\"required name=search_term_string\"}],\"inLanguage\":\"fr-FR\"},{\"@type\":\"ImageObject\",\"@id\":\"http:\/\/l-etoile-de-mer.com\/index.php\/es\/accesorios-de-playa\/#primaryimage\",\"inLanguage\":\"fr-FR\",\"url\":\"http:\/\/l-etoile-de-mer.com\/wp-content\/uploads\/2020\/03\/90672744_139506104165476_3042663791511732224_n-821x1024.jpg\"},{\"@type\":\"WebPage\",\"@id\":\"http:\/\/l-etoile-de-mer.com\/index.php\/es\/accesorios-de-playa\/#webpage\",\"url\":\"http:\/\/l-etoile-de-mer.com\/index.php\/es\/accesorios-de-playa\/\",\"name\":\"L'\\u00c9toile de Mer - Su tienda de recuerdos - Accesorios de playa\",\"isPartOf\":{\"@id\":\"https:\/\/l-etoile-de-mer.com\/#website\"},\"primaryImageOfPage\":{\"@id\":\"http:\/\/l-etoile-de-mer.com\/index.php\/es\/accesorios-de-playa\/#primaryimage\"},\"datePublished\":\"2020-03-23T09:47:30+00:00\",\"dateModified\":\"2020-05-22T13:31:16+00:00\",\"description\":\"Accesorios de playa - \\u00a1En nuestro departamento de accesorios de playa encontrar\\u00e1 diversi\\u00f3n y entretenimiento durante sus vacaciones!\",\"inLanguage\":\"fr-FR\",\"potentialAction\":[{\"@type\":\"ReadAction\",\"target\":[\"http:\/\/l-etoile-de-mer.com\/index.php\/es\/accesorios-de-playa\/\"]}]}]}<\/script>\n<!-- \/ Yoast SEO plugin. -->","_links":{"self":[{"href":"https:\/\/l-etoile-de-mer.com\/index.php\/wp-json\/wp\/v2\/pages\/341"}],"collection":[{"href":"https:\/\/l-etoile-de-mer.com\/index.php\/wp-json\/wp\/v2\/pages"}],"about":[{"href":"https:\/\/l-etoile-de-mer.com\/index.php\/wp-json\/wp\/v2\/types\/page"}],"author":[{"embeddable":true,"href":"https:\/\/l-etoile-de-mer.com\/index.php\/wp-json\/wp\/v2\/users\/1"}],"replies":[{"embeddable":true,"href":"https:\/\/l-etoile-de-mer.com\/index.php\/wp-json\/wp\/v2\/comments?post=341"}],"version-history":[{"count":7,"href":"https:\/\/l-etoile-de-mer.com\/index.php\/wp-json\/wp\/v2\/pages\/341\/revisions"}],"predecessor-version":[{"id":996,"href":"https:\/\/l-etoile-de-mer.com\/index.php\/wp-json\/wp\/v2\/pages\/341\/revisions\/996"}],"wp:attachment":[{"href":"https:\/\/l-etoile-de-mer.com\/index.php\/wp-json\/wp\/v2\/media?parent=341"}],"curies":[{"name":"wp","href":"https:\/\/api.w.org\/{rel}","templated":true}]}}