{"id":375,"date":"2020-03-22T21:59:14","date_gmt":"2020-03-22T20:59:14","guid":{"rendered":"http:\/\/l-etoile-de-mer.com\/?page_id=324"},"modified":"2020-05-22T16:14:25","modified_gmt":"2020-05-22T14:14:25","slug":"imanes","status":"publish","type":"page","link":"https:\/\/l-etoile-de-mer.com\/index.php\/es\/imanes\/","title":{"rendered":"Imanes"},"content":{"rendered":"\n<p class=\"has-text-align-center\">\u00bfNecesitas un regalo o un recuerdo? \u00a1Y por qu\u00e9 no un im\u00e1n! \u00a1Los imanes son uno de los recuerdos para traer de vuelta de tus vacaciones! En la tienda ofrecemos varios tipos de imanes, platos o en relieve, con varias decoraciones disponibles (La Tranche sur Mer, La Vend\u00e9e, La Rochelle, Fort Boyard&#8230;). Nuestros diferentes imanes son productos de calidad a los precios adecuados. As\u00ed que ven a la tienda donde puedes elegir los imanes que ofrecer\u00e1s a tus seres queridos o que traer\u00e1s de vuelta de tus vacaciones. <\/p>\n\n\n\n<p class=\"has-text-align-center\">\u00a1Disponible en L&rsquo;\u00c9toile de Mer en La Tranche-sur-Mer!<\/p>\n\n\n\n<div class=\"wp-block-image\"><figure class=\"aligncenter\"><img loading=\"lazy\" width=\"768\" height=\"1024\" src=\"http:\/\/l-etoile-de-mer.com\/wp-content\/uploads\/2020\/03\/90752576_702001820539788_7207365807460843520_n-768x1024.jpg\" alt=\"\" class=\"wp-image-494\" srcset=\"https:\/\/l-etoile-de-mer.com\/wp-content\/uploads\/2020\/03\/90752576_702001820539788_7207365807460843520_n-768x1024.jpg 768w, https:\/\/l-etoile-de-mer.com\/wp-content\/uploads\/2020\/03\/90752576_702001820539788_7207365807460843520_n-225x300.jpg 225w, https:\/\/l-etoile-de-mer.com\/wp-content\/uploads\/2020\/03\/90752576_702001820539788_7207365807460843520_n.jpg 828w\" sizes=\"(max-width: 768px) 100vw, 768px\" \/><\/figure><\/div>\n","protected":false},"excerpt":{"rendered":"<p>\u00bfNecesitas un regalo o un recuerdo? \u00a1Y por qu\u00e9 no un im\u00e1n! \u00a1Los imanes son uno de los recuerdos para traer de vuelta de tus vacaciones! En la tienda ofrecemos varios tipos de imanes, platos o en relieve, con varias decoraciones disponibles (La Tranche sur Mer, La Vend\u00e9e, La Rochelle, Fort Boyard&#8230;). Nuestros diferentes imanes son productos de calidad a los precios adecuados. As\u00ed que ven a la tienda donde puedes elegir los imanes que ofrecer\u00e1s a tus seres queridos o que traer\u00e1s de vuelta de tus vacaciones. \u00a1Disponible en L&rsquo;\u00c9toile de Mer en La Tranche-sur-Mer!<\/p>\n","protected":false},"author":1,"featured_media":0,"parent":0,"menu_order":0,"comment_status":"closed","ping_status":"closed","template":"","meta":[],"yoast_head":"<!-- This site is optimized with the Yoast SEO plugin v14.5 - https:\/\/yoast.com\/wordpress\/plugins\/seo\/ -->\n<title>L&#039;\u00c9toile de Mer -- Su tienda de recuerdos -- Imanes<\/title>\n<meta name=\"description\" content=\"\u00bfNecesitas un regalo o un recuerdo? \u00a1Y por qu\u00e9 no un im\u00e1n! \u00a1Los imanes son uno de los recuerdos para traer de vuelta de tus vacaciones!\" \/>\n<meta name=\"robots\" content=\"index, follow\" \/>\n<meta name=\"googlebot\" content=\"index, follow, max-snippet:-1, max-image-preview:large, max-video-preview:-1\" \/>\n<meta name=\"bingbot\" content=\"index, follow, max-snippet:-1, max-image-preview:large, max-video-preview:-1\" \/>\n<link rel=\"canonical\" href=\"http:\/\/l-etoile-de-mer.com\/index.php\/es\/imanes\/\" \/>\n<meta property=\"og:locale\" content=\"fr_FR\" \/>\n<meta property=\"og:type\" content=\"article\" \/>\n<meta property=\"og:title\" content=\"L&#039;\u00c9toile de Mer -- Su tienda de recuerdos -- Imanes\" \/>\n<meta property=\"og:description\" content=\"\u00bfNecesitas un regalo o un recuerdo? \u00a1Y por qu\u00e9 no un im\u00e1n! \u00a1Los imanes son uno de los recuerdos para traer de vuelta de tus vacaciones!\" \/>\n<meta property=\"og:url\" content=\"http:\/\/l-etoile-de-mer.com\/index.php\/es\/imanes\/\" \/>\n<meta property=\"article:publisher\" content=\"https:\/\/www.facebook.com\/Etoile-de-mer-1381346558799296\/?__tn__=%2cd%2cP-R&amp;amp%3bamp%3bamp%3bamp%3bamp%3bamp%3bamp%3bamp%3beid=ARDtMrGifVDxNerB2hiHZovBaikL-1lkSjlAYHgm14Uv45olgHYMRTpy7NFqDOXv_YfIi0kxa3KDiyzx\" \/>\n<meta property=\"article:modified_time\" content=\"2020-05-22T14:14:25+00:00\" \/>\n<meta property=\"og:image\" content=\"http:\/\/l-etoile-de-mer.com\/wp-content\/uploads\/2020\/03\/90752576_702001820539788_7207365807460843520_n-768x1024.jpg\" \/>\n<meta name=\"twitter:card\" content=\"summary_large_image\" \/>\n<script type=\"application\/ld+json\" class=\"yoast-schema-graph\">{\"@context\":\"https:\/\/schema.org\",\"@graph\":[{\"@type\":\"Organization\",\"@id\":\"https:\/\/l-etoile-de-mer.com\/#organization\",\"name\":\"L'\\u00c9toile de Mer\",\"url\":\"https:\/\/l-etoile-de-mer.com\/\",\"sameAs\":[\"https:\/\/www.facebook.com\/Etoile-de-mer-1381346558799296\/?__tn__=,d,P-R&amp;amp;amp;amp;amp;amp;amp;amp;eid=ARDtMrGifVDxNerB2hiHZovBaikL-1lkSjlAYHgm14Uv45olgHYMRTpy7NFqDOXv_YfIi0kxa3KDiyzx\",\"https:\/\/www.instagram.com\/etoiledemer85360\/?hl=fr\"],\"logo\":{\"@type\":\"ImageObject\",\"@id\":\"https:\/\/l-etoile-de-mer.com\/#logo\",\"inLanguage\":\"fr-FR\",\"url\":\"https:\/\/l-etoile-de-mer.com\/wp-content\/uploads\/2020\/03\/etoile-sans-fond.png\",\"width\":800,\"height\":800,\"caption\":\"L'\\u00c9toile de Mer\"},\"image\":{\"@id\":\"https:\/\/l-etoile-de-mer.com\/#logo\"}},{\"@type\":\"WebSite\",\"@id\":\"https:\/\/l-etoile-de-mer.com\/#website\",\"url\":\"https:\/\/l-etoile-de-mer.com\/\",\"name\":\"\",\"description\":\"\",\"publisher\":{\"@id\":\"https:\/\/l-etoile-de-mer.com\/#organization\"},\"potentialAction\":[{\"@type\":\"SearchAction\",\"target\":\"https:\/\/l-etoile-de-mer.com\/?s={search_term_string}\",\"query-input\":\"required name=search_term_string\"}],\"inLanguage\":\"fr-FR\"},{\"@type\":\"ImageObject\",\"@id\":\"http:\/\/l-etoile-de-mer.com\/index.php\/es\/imanes\/#primaryimage\",\"inLanguage\":\"fr-FR\",\"url\":\"http:\/\/l-etoile-de-mer.com\/wp-content\/uploads\/2020\/03\/90752576_702001820539788_7207365807460843520_n-768x1024.jpg\"},{\"@type\":\"WebPage\",\"@id\":\"http:\/\/l-etoile-de-mer.com\/index.php\/es\/imanes\/#webpage\",\"url\":\"http:\/\/l-etoile-de-mer.com\/index.php\/es\/imanes\/\",\"name\":\"L'\\u00c9toile de Mer -- Su tienda de recuerdos -- Imanes\",\"isPartOf\":{\"@id\":\"https:\/\/l-etoile-de-mer.com\/#website\"},\"primaryImageOfPage\":{\"@id\":\"http:\/\/l-etoile-de-mer.com\/index.php\/es\/imanes\/#primaryimage\"},\"datePublished\":\"2020-03-22T20:59:14+00:00\",\"dateModified\":\"2020-05-22T14:14:25+00:00\",\"description\":\"\\u00bfNecesitas un regalo o un recuerdo? \\u00a1Y por qu\\u00e9 no un im\\u00e1n! \\u00a1Los imanes son uno de los recuerdos para traer de vuelta de tus vacaciones!\",\"inLanguage\":\"fr-FR\",\"potentialAction\":[{\"@type\":\"ReadAction\",\"target\":[\"http:\/\/l-etoile-de-mer.com\/index.php\/es\/imanes\/\"]}]}]}<\/script>\n<!-- \/ Yoast SEO plugin. -->","_links":{"self":[{"href":"https:\/\/l-etoile-de-mer.com\/index.php\/wp-json\/wp\/v2\/pages\/375"}],"collection":[{"href":"https:\/\/l-etoile-de-mer.com\/index.php\/wp-json\/wp\/v2\/pages"}],"about":[{"href":"https:\/\/l-etoile-de-mer.com\/index.php\/wp-json\/wp\/v2\/types\/page"}],"author":[{"embeddable":true,"href":"https:\/\/l-etoile-de-mer.com\/index.php\/wp-json\/wp\/v2\/users\/1"}],"replies":[{"embeddable":true,"href":"https:\/\/l-etoile-de-mer.com\/index.php\/wp-json\/wp\/v2\/comments?post=375"}],"version-history":[{"count":5,"href":"https:\/\/l-etoile-de-mer.com\/index.php\/wp-json\/wp\/v2\/pages\/375\/revisions"}],"predecessor-version":[{"id":951,"href":"https:\/\/l-etoile-de-mer.com\/index.php\/wp-json\/wp\/v2\/pages\/375\/revisions\/951"}],"wp:attachment":[{"href":"https:\/\/l-etoile-de-mer.com\/index.php\/wp-json\/wp\/v2\/media?parent=375"}],"curies":[{"name":"wp","href":"https:\/\/api.w.org\/{rel}","templated":true}]}}