{"id":900,"date":"2020-03-22T12:33:14","date_gmt":"2020-03-22T11:33:14","guid":{"rendered":"http:\/\/l-etoile-de-mer.com\/?page_id=161"},"modified":"2020-05-22T15:57:32","modified_gmt":"2020-05-22T13:57:32","slug":"ceramica-2","status":"publish","type":"page","link":"https:\/\/l-etoile-de-mer.com\/index.php\/es\/ceramica-2\/","title":{"rendered":"Cer\u00e1mica"},"content":{"rendered":"\n<p class=\"has-text-align-center\">Ofrecemos una ampa gama de platos en la tienda. Tazas, cuencos, puertas de esponja, cucharas, tazas, ceniceros&#8230; Tambi\u00e9n tenemos una gran selecci\u00f3n de tablas de cortar y partes inferiores para su cocina. Nuestros productos est\u00e1 disponible con muchas decoraciones. Todoterrenos (sardinas, peces, surfs, &#8230;) y visita (corazon de Vend\u00e9e, pollos, Fort Boyard, &#8230;). <\/p>\n\n\n\n<figure class=\"wp-block-image\"><img loading=\"lazy\" width=\"827\" height=\"620\" src=\"http:\/\/l-etoile-de-mer.com\/wp-content\/uploads\/2020\/03\/90918042_626388101532583_2202817966532198400_n.jpg\" alt=\"\" class=\"wp-image-498\" srcset=\"https:\/\/l-etoile-de-mer.com\/wp-content\/uploads\/2020\/03\/90918042_626388101532583_2202817966532198400_n.jpg 827w, https:\/\/l-etoile-de-mer.com\/wp-content\/uploads\/2020\/03\/90918042_626388101532583_2202817966532198400_n-300x225.jpg 300w, https:\/\/l-etoile-de-mer.com\/wp-content\/uploads\/2020\/03\/90918042_626388101532583_2202817966532198400_n-768x576.jpg 768w\" sizes=\"(max-width: 827px) 100vw, 827px\" \/><\/figure>\n","protected":false},"excerpt":{"rendered":"<p>Ofrecemos una ampa gama de platos en la tienda. Tazas, cuencos, puertas de esponja, cucharas, tazas, ceniceros&#8230; Tambi\u00e9n tenemos una gran selecci\u00f3n de tablas de cortar y partes inferiores para su cocina. Nuestros productos est\u00e1 disponible con muchas decoraciones. Todoterrenos (sardinas, peces, surfs, &#8230;) y visita (corazon de Vend\u00e9e, pollos, Fort Boyard, &#8230;).<\/p>\n","protected":false},"author":1,"featured_media":0,"parent":0,"menu_order":0,"comment_status":"closed","ping_status":"closed","template":"","meta":[],"yoast_head":"<!-- This site is optimized with the Yoast SEO plugin v14.5 - https:\/\/yoast.com\/wordpress\/plugins\/seo\/ -->\n<title>L&#039;\u00c9toile de Mer - Su tienda de recuerdos - Cer\u00e1mica<\/title>\n<meta name=\"description\" content=\"Ofrecemos una ampa gama de platos en la tienda. Tazas, cuencos, puertas de esponja, cucharas, tazas...Tambi\u00e9n tenemos una gran selecci\u00f3n de tablas de cortar\" \/>\n<meta name=\"robots\" content=\"index, follow\" \/>\n<meta name=\"googlebot\" content=\"index, follow, max-snippet:-1, max-image-preview:large, max-video-preview:-1\" \/>\n<meta name=\"bingbot\" content=\"index, follow, max-snippet:-1, max-image-preview:large, max-video-preview:-1\" \/>\n<link rel=\"canonical\" href=\"http:\/\/l-etoile-de-mer.com\/index.php\/es\/ceramica-2\/\" \/>\n<meta property=\"og:locale\" content=\"fr_FR\" \/>\n<meta property=\"og:type\" content=\"article\" \/>\n<meta property=\"og:title\" content=\"L&#039;\u00c9toile de Mer - Su tienda de recuerdos - Cer\u00e1mica\" \/>\n<meta property=\"og:description\" content=\"Ofrecemos una ampa gama de platos en la tienda. Tazas, cuencos, puertas de esponja, cucharas, tazas...Tambi\u00e9n tenemos una gran selecci\u00f3n de tablas de cortar\" \/>\n<meta property=\"og:url\" content=\"http:\/\/l-etoile-de-mer.com\/index.php\/es\/ceramica-2\/\" \/>\n<meta property=\"article:publisher\" content=\"https:\/\/www.facebook.com\/Etoile-de-mer-1381346558799296\/?__tn__=%2cd%2cP-R&amp;amp%3bamp%3bamp%3bamp%3bamp%3bamp%3bamp%3bamp%3beid=ARDtMrGifVDxNerB2hiHZovBaikL-1lkSjlAYHgm14Uv45olgHYMRTpy7NFqDOXv_YfIi0kxa3KDiyzx\" \/>\n<meta property=\"article:modified_time\" content=\"2020-05-22T13:57:32+00:00\" \/>\n<meta property=\"og:image\" content=\"http:\/\/l-etoile-de-mer.com\/wp-content\/uploads\/2020\/03\/90918042_626388101532583_2202817966532198400_n.jpg\" \/>\n<meta name=\"twitter:card\" content=\"summary_large_image\" \/>\n<script type=\"application\/ld+json\" class=\"yoast-schema-graph\">{\"@context\":\"https:\/\/schema.org\",\"@graph\":[{\"@type\":\"Organization\",\"@id\":\"https:\/\/l-etoile-de-mer.com\/#organization\",\"name\":\"L'\\u00c9toile de Mer\",\"url\":\"https:\/\/l-etoile-de-mer.com\/\",\"sameAs\":[\"https:\/\/www.facebook.com\/Etoile-de-mer-1381346558799296\/?__tn__=,d,P-R&amp;amp;amp;amp;amp;amp;amp;amp;eid=ARDtMrGifVDxNerB2hiHZovBaikL-1lkSjlAYHgm14Uv45olgHYMRTpy7NFqDOXv_YfIi0kxa3KDiyzx\",\"https:\/\/www.instagram.com\/etoiledemer85360\/?hl=fr\"],\"logo\":{\"@type\":\"ImageObject\",\"@id\":\"https:\/\/l-etoile-de-mer.com\/#logo\",\"inLanguage\":\"fr-FR\",\"url\":\"https:\/\/l-etoile-de-mer.com\/wp-content\/uploads\/2020\/03\/etoile-sans-fond.png\",\"width\":800,\"height\":800,\"caption\":\"L'\\u00c9toile de Mer\"},\"image\":{\"@id\":\"https:\/\/l-etoile-de-mer.com\/#logo\"}},{\"@type\":\"WebSite\",\"@id\":\"https:\/\/l-etoile-de-mer.com\/#website\",\"url\":\"https:\/\/l-etoile-de-mer.com\/\",\"name\":\"\",\"description\":\"\",\"publisher\":{\"@id\":\"https:\/\/l-etoile-de-mer.com\/#organization\"},\"potentialAction\":[{\"@type\":\"SearchAction\",\"target\":\"https:\/\/l-etoile-de-mer.com\/?s={search_term_string}\",\"query-input\":\"required name=search_term_string\"}],\"inLanguage\":\"fr-FR\"},{\"@type\":\"ImageObject\",\"@id\":\"http:\/\/l-etoile-de-mer.com\/index.php\/es\/ceramica-2\/#primaryimage\",\"inLanguage\":\"fr-FR\",\"url\":\"http:\/\/l-etoile-de-mer.com\/wp-content\/uploads\/2020\/03\/90918042_626388101532583_2202817966532198400_n.jpg\"},{\"@type\":\"WebPage\",\"@id\":\"http:\/\/l-etoile-de-mer.com\/index.php\/es\/ceramica-2\/#webpage\",\"url\":\"http:\/\/l-etoile-de-mer.com\/index.php\/es\/ceramica-2\/\",\"name\":\"L'\\u00c9toile de Mer - Su tienda de recuerdos - Cer\\u00e1mica\",\"isPartOf\":{\"@id\":\"https:\/\/l-etoile-de-mer.com\/#website\"},\"primaryImageOfPage\":{\"@id\":\"http:\/\/l-etoile-de-mer.com\/index.php\/es\/ceramica-2\/#primaryimage\"},\"datePublished\":\"2020-03-22T11:33:14+00:00\",\"dateModified\":\"2020-05-22T13:57:32+00:00\",\"description\":\"Ofrecemos una ampa gama de platos en la tienda. Tazas, cuencos, puertas de esponja, cucharas, tazas...Tambi\\u00e9n tenemos una gran selecci\\u00f3n de tablas de cortar\",\"inLanguage\":\"fr-FR\",\"potentialAction\":[{\"@type\":\"ReadAction\",\"target\":[\"http:\/\/l-etoile-de-mer.com\/index.php\/es\/ceramica-2\/\"]}]}]}<\/script>\n<!-- \/ Yoast SEO plugin. -->","_links":{"self":[{"href":"https:\/\/l-etoile-de-mer.com\/index.php\/wp-json\/wp\/v2\/pages\/900"}],"collection":[{"href":"https:\/\/l-etoile-de-mer.com\/index.php\/wp-json\/wp\/v2\/pages"}],"about":[{"href":"https:\/\/l-etoile-de-mer.com\/index.php\/wp-json\/wp\/v2\/types\/page"}],"author":[{"embeddable":true,"href":"https:\/\/l-etoile-de-mer.com\/index.php\/wp-json\/wp\/v2\/users\/1"}],"replies":[{"embeddable":true,"href":"https:\/\/l-etoile-de-mer.com\/index.php\/wp-json\/wp\/v2\/comments?post=900"}],"version-history":[{"count":1,"href":"https:\/\/l-etoile-de-mer.com\/index.php\/wp-json\/wp\/v2\/pages\/900\/revisions"}],"predecessor-version":[{"id":926,"href":"https:\/\/l-etoile-de-mer.com\/index.php\/wp-json\/wp\/v2\/pages\/900\/revisions\/926"}],"wp:attachment":[{"href":"https:\/\/l-etoile-de-mer.com\/index.php\/wp-json\/wp\/v2\/media?parent=900"}],"curies":[{"name":"wp","href":"https:\/\/api.w.org\/{rel}","templated":true}]}}